{"id":95,"date":"2024-09-14T19:42:51","date_gmt":"2024-09-14T17:42:51","guid":{"rendered":"https:\/\/www.notredamedecharentonne.com\/?page_id=95"},"modified":"2024-09-14T21:00:41","modified_gmt":"2024-09-14T19:00:41","slug":"jeunes","status":"publish","type":"page","link":"https:\/\/notredamedecharentonne.com\/index.php\/jeunes\/","title":{"rendered":"Jeunes"},"content":{"rendered":"\n<figure class=\"wp-block-gallery has-nested-images columns-default is-cropped wp-block-gallery-1 is-layout-flex wp-block-gallery-is-layout-flex\">\n<figure class=\"wp-block-image size-large\"><img loading=\"lazy\" decoding=\"async\" width=\"768\" height=\"1024\" data-id=\"100\" src=\"https:\/\/www.notredamedecharentonne.com\/wp-content\/uploads\/2024\/09\/jeunes-salle-cathe-1-768x1024.jpg\" alt=\"\" class=\"wp-image-100\" srcset=\"https:\/\/notredamedecharentonne.com\/wp-content\/uploads\/2024\/09\/jeunes-salle-cathe-1-768x1024.jpg 768w, https:\/\/notredamedecharentonne.com\/wp-content\/uploads\/2024\/09\/jeunes-salle-cathe-1-225x300.jpg 225w, https:\/\/notredamedecharentonne.com\/wp-content\/uploads\/2024\/09\/jeunes-salle-cathe-1-1152x1536.jpg 1152w, https:\/\/notredamedecharentonne.com\/wp-content\/uploads\/2024\/09\/jeunes-salle-cathe-1.jpg 1200w\" sizes=\"auto, (max-width: 768px) 100vw, 768px\" \/><\/figure>\n\n\n\n<figure class=\"wp-block-image size-large\"><img loading=\"lazy\" decoding=\"async\" width=\"1024\" height=\"768\" data-id=\"98\" src=\"http:\/\/www.notredamedecharentonne.com\/wp-content\/uploads\/2024\/09\/jeunes-cate-1024x768.jpg\" alt=\"\" class=\"wp-image-98\" srcset=\"https:\/\/notredamedecharentonne.com\/wp-content\/uploads\/2024\/09\/jeunes-cate-1024x768.jpg 1024w, https:\/\/notredamedecharentonne.com\/wp-content\/uploads\/2024\/09\/jeunes-cate-300x225.jpg 300w, https:\/\/notredamedecharentonne.com\/wp-content\/uploads\/2024\/09\/jeunes-cate-768x576.jpg 768w, https:\/\/notredamedecharentonne.com\/wp-content\/uploads\/2024\/09\/jeunes-cate-1536x1152.jpg 1536w, https:\/\/notredamedecharentonne.com\/wp-content\/uploads\/2024\/09\/jeunes-cate.jpg 1600w\" sizes=\"auto, (max-width: 1024px) 100vw, 1024px\" \/><\/figure>\n\n\n\n<figure class=\"wp-block-image size-large\"><img loading=\"lazy\" decoding=\"async\" width=\"1024\" height=\"768\" data-id=\"96\" src=\"https:\/\/www.notredamedecharentonne.com\/wp-content\/uploads\/2024\/09\/jeunes-profession-de-foi-1024x768.jpg\" alt=\"\" class=\"wp-image-96\" srcset=\"https:\/\/notredamedecharentonne.com\/wp-content\/uploads\/2024\/09\/jeunes-profession-de-foi-1024x768.jpg 1024w, https:\/\/notredamedecharentonne.com\/wp-content\/uploads\/2024\/09\/jeunes-profession-de-foi-300x225.jpg 300w, https:\/\/notredamedecharentonne.com\/wp-content\/uploads\/2024\/09\/jeunes-profession-de-foi-768x576.jpg 768w, https:\/\/notredamedecharentonne.com\/wp-content\/uploads\/2024\/09\/jeunes-profession-de-foi-1536x1152.jpg 1536w, https:\/\/notredamedecharentonne.com\/wp-content\/uploads\/2024\/09\/jeunes-profession-de-foi.jpg 1600w\" sizes=\"auto, (max-width: 1024px) 100vw, 1024px\" \/><\/figure>\n<\/figure>\n\n\n\n<p><br><em>\u00ab Laissez les petits enfants venir \u00e0 moi, et ne les en emp\u00eachez pas ; car le royaume de Dieu est pour ceux qui leur ressemblent.\u00bb<\/em><br>\u2014 Marc 10:14<\/p>\n\n\n\n<p><strong><mark style=\"background-color:rgba(0, 0, 0, 0)\" class=\"has-inline-color has-neve-link-hover-color-color\">CATECHISME &#8211;<\/mark><\/strong><\/p>\n\n\n\n<p> (CE2, CM1, CM2) + aum\u00f4nerie de 6\u00e8mes et confirmation : Marie-Caroline Rouault : 06 09 31 85 67 <\/p>\n\n\n\n<p><strong><mark style=\"background-color:rgba(0, 0, 0, 0)\" class=\"has-inline-color has-neve-link-hover-color-color\">Servant d&rsquo;Autel : <\/mark><\/strong>Gar\u00e7ons et filles sont invit\u00e9s \u00e0 servir la liturgie. Leur pr\u00e9sence participe \u00e0 la qualit\u00e9 de nos offices. C&rsquo;est aussi pour eux l&rsquo;occasion d&rsquo;approfondir leur vie chr\u00e9tienne. <\/p>\n\n\n\n<p><mark style=\"background-color:rgba(0, 0, 0, 0)\" class=\"has-inline-color has-neve-link-hover-color-color\"><strong>Cat\u00e9chum\u00e9nat jeunes :<\/strong><\/mark> pour les Coll\u00e9giens, Lyc\u00e9ens et \u00e9tudiants qui veulent recevoir le bapt\u00eame. Rencontres et pr\u00e9paration avec Florence Marquer et Laure Crombez. <\/p>\n\n\n\n<figure class=\"wp-block-image size-full is-resized\"><img loading=\"lazy\" decoding=\"async\" width=\"300\" height=\"69\" src=\"https:\/\/www.notredamedecharentonne.com\/wp-content\/uploads\/2024\/09\/image.png\" alt=\"\" class=\"wp-image-101\" style=\"width:342px;height:auto\"\/><\/figure>\n\n\n\n<p><strong>Guides d\u2019Europe : <\/strong>une patrouille libre avec Pauline Lepage (via C\u00e9cile Lepage : 06 14 28 88 92)<\/p>\n\n\n\n<p><strong>Louveteaux\/ Scouts\/ Routiers :<\/strong> Benoit Plouard : 06 66 00 84 57<\/p>\n\n\n\n<p><strong><mark style=\"background-color:rgba(0, 0, 0, 0)\" class=\"has-inline-color has-neve-link-hover-color-color\">Jeunes Professionnels :<\/mark><\/strong> Accompagnateur : P\u00e8re \u00c9lie Delplace : 06 37 16 31 08<\/p>\n\n\n\n<div class=\"wp-block-media-text is-stacked-on-mobile\"><figure class=\"wp-block-media-text__media\"><img loading=\"lazy\" decoding=\"async\" width=\"300\" height=\"181\" src=\"https:\/\/www.notredamedecharentonne.com\/wp-content\/uploads\/2024\/09\/logo-enseignement-catholique-300x181-1.png\" alt=\"\" class=\"wp-image-102 size-full\"\/><\/figure><div class=\"wp-block-media-text__content\">\n<blockquote class=\"wp-block-quote is-layout-flow wp-block-quote-is-layout-flow\">\n<p>\u00ab\u00a0<em><strong>Une \u00e9ducation selon les valeurs de l\u2019\u00c9vangile <\/strong><\/em><\/p>\n\n\n\n<p><em><strong>et une premi\u00e8re annonce de la foi<\/strong><\/em>.\u00a0\u00bb<\/p>\n<\/blockquote>\n<\/div><\/div>\n\n\n\n<p><em><strong>Une \u00e9ducation selon les valeurs de l\u2019\u00c9vangile et une 1\u00e8re annonce de la foi <\/strong><\/em> <\/p>\n\n\n\n<p>Trois \u00e9tablissements priv\u00e9s catholiques sous-contrats sont sur notre territoire paroissial : le groupe scolaire JASA \u00e0 Bernay et une \u00e9cole primaire \u00e0 Thiberville. <\/p>\n\n\n\n<p>Groupe scolaire Jeanne-d&rsquo;Arc-Saint-Anselme : <a href=\"http:\/\/www.jeannedarcsaintanselme.com\" target=\"_blank\" rel=\"noreferrer noopener\">www.jeannedarcsaintanselme.com<\/a><\/p>\n\n\n\n<div class=\"wp-block-columns is-layout-flex wp-container-core-columns-is-layout-9d6595d7 wp-block-columns-is-layout-flex\">\n<div class=\"wp-block-column is-layout-flow wp-block-column-is-layout-flow\">\n<p><strong>\u00c9cole et coll\u00e8ge Jeanne d&rsquo;Arc<\/strong><\/p>\n\n\n\n<p>(Maternelle, \u00c9cole primaire et Coll\u00e8ge)<\/p>\n\n\n\n<p>19, rue de la Charentonne <\/p>\n\n\n\n<p>B.P 448-27300 <strong>Bernay<\/strong><\/p>\n\n\n\n<p>Tel. 02.32.43.14.64<\/p>\n\n\n\n<p>Direction coll\u00e8ge : Patrick Galloux<\/p>\n\n\n\n<p>Direction maternelle et Primaire : Guillaume Bellet<\/p>\n<\/div>\n\n\n\n<div class=\"wp-block-column is-layout-flow wp-block-column-is-layout-flow\">\n<p><strong>Lyc\u00e9e Saint-Anselme<\/strong><\/p>\n\n\n\n<p>(Polyvalent et Professionnel)<\/p>\n\n\n\n<p>11-13, rue Le Pr\u00e9vost de Beaumont <\/p>\n\n\n\n<p>27300 <strong>Bernay<\/strong><\/p>\n\n\n\n<p>Tel.:02.32.43.15.03 <\/p>\n\n\n\n<p>Direction : Patrick Galloux<\/p>\n<\/div>\n\n\n\n<div class=\"wp-block-column is-layout-flow wp-block-column-is-layout-flow\">\n<p><strong>Ecole Notre-Dame du Sacr\u00e9-Coeur<\/strong><\/p>\n\n\n\n<p>(Maternelle, \u00c9cole primaire)<\/p>\n\n\n\n<p>3, rue du Stade<\/p>\n\n\n\n<p> 27230 <strong>Thiberville<\/strong><\/p>\n\n\n\n<p>Tel. 02.32.46.80.08<\/p>\n\n\n\n<p>Directrice : M\u00e9lanie Godard<\/p>\n<\/div>\n<\/div>\n","protected":false},"excerpt":{"rendered":"<p>\u00ab Laissez les petits enfants venir \u00e0 moi, et ne les en emp\u00eachez pas ; car le royaume de Dieu est pour ceux qui leur ressemblent.\u00bb\u2014 Marc 10:14 CATECHISME &#8211; (CE2, CM1, CM2) + aum\u00f4nerie de 6\u00e8mes et confirmation : Marie-Caroline Rouault : 06 09 31 85 67 Servant d&rsquo;Autel : Gar\u00e7ons et filles sont&hellip;&nbsp;<a href=\"https:\/\/notredamedecharentonne.com\/index.php\/jeunes\/\" class=\"\" rel=\"bookmark\">Lire la suite &raquo;<span class=\"screen-reader-text\">Jeunes<\/span><\/a><\/p>\n","protected":false},"author":1,"featured_media":0,"parent":0,"menu_order":0,"comment_status":"closed","ping_status":"closed","template":"","meta":{"neve_meta_sidebar":"","neve_meta_container":"","neve_meta_enable_content_width":"","neve_meta_content_width":0,"neve_meta_title_alignment":"","neve_meta_author_avatar":"","neve_post_elements_order":"","neve_meta_disable_header":"","neve_meta_disable_footer":"","neve_meta_disable_title":"","footnotes":""},"class_list":["post-95","page","type-page","status-publish","hentry"],"_links":{"self":[{"href":"https:\/\/notredamedecharentonne.com\/index.php\/wp-json\/wp\/v2\/pages\/95","targetHints":{"allow":["GET"]}}],"collection":[{"href":"https:\/\/notredamedecharentonne.com\/index.php\/wp-json\/wp\/v2\/pages"}],"about":[{"href":"https:\/\/notredamedecharentonne.com\/index.php\/wp-json\/wp\/v2\/types\/page"}],"author":[{"embeddable":true,"href":"https:\/\/notredamedecharentonne.com\/index.php\/wp-json\/wp\/v2\/users\/1"}],"replies":[{"embeddable":true,"href":"https:\/\/notredamedecharentonne.com\/index.php\/wp-json\/wp\/v2\/comments?post=95"}],"version-history":[{"count":4,"href":"https:\/\/notredamedecharentonne.com\/index.php\/wp-json\/wp\/v2\/pages\/95\/revisions"}],"predecessor-version":[{"id":142,"href":"https:\/\/notredamedecharentonne.com\/index.php\/wp-json\/wp\/v2\/pages\/95\/revisions\/142"}],"wp:attachment":[{"href":"https:\/\/notredamedecharentonne.com\/index.php\/wp-json\/wp\/v2\/media?parent=95"}],"curies":[{"name":"wp","href":"https:\/\/api.w.org\/{rel}","templated":true}]}}