{"id":85,"date":"2024-09-14T19:14:43","date_gmt":"2024-09-14T17:14:43","guid":{"rendered":"https:\/\/www.notredamedecharentonne.com\/?page_id=85"},"modified":"2025-09-08T22:39:37","modified_gmt":"2025-09-08T20:39:37","slug":"priere-messe-liturgie","status":"publish","type":"page","link":"https:\/\/notredamedecharentonne.com\/index.php\/priere-messe-liturgie\/","title":{"rendered":"Pri\u00e8re &#8211; Messe &#8211; Liturgie"},"content":{"rendered":"\n<figure class=\"wp-block-gallery has-nested-images columns-default is-cropped wp-block-gallery-1 is-layout-flex wp-block-gallery-is-layout-flex\">\n<figure class=\"wp-block-image size-large\"><img loading=\"lazy\" decoding=\"async\" width=\"768\" height=\"1024\" data-id=\"87\" src=\"https:\/\/www.notredamedecharentonne.com\/wp-content\/uploads\/2024\/09\/IMG_20240815_102708-768x1024.jpg\" alt=\"\" class=\"wp-image-87\" srcset=\"https:\/\/notredamedecharentonne.com\/wp-content\/uploads\/2024\/09\/IMG_20240815_102708-768x1024.jpg 768w, https:\/\/notredamedecharentonne.com\/wp-content\/uploads\/2024\/09\/IMG_20240815_102708-225x300.jpg 225w, https:\/\/notredamedecharentonne.com\/wp-content\/uploads\/2024\/09\/IMG_20240815_102708-1152x1536.jpg 1152w, https:\/\/notredamedecharentonne.com\/wp-content\/uploads\/2024\/09\/IMG_20240815_102708-1536x2048.jpg 1536w, https:\/\/notredamedecharentonne.com\/wp-content\/uploads\/2024\/09\/IMG_20240815_102708-scaled.jpg 1920w\" sizes=\"auto, (max-width: 768px) 100vw, 768px\" \/><\/figure>\n\n\n\n<figure class=\"wp-block-image size-large\"><img loading=\"lazy\" decoding=\"async\" width=\"1024\" height=\"768\" data-id=\"90\" src=\"https:\/\/www.notredamedecharentonne.com\/wp-content\/uploads\/2024\/09\/IMG_20240908_110541-1-1024x768.jpg\" alt=\"\" class=\"wp-image-90\" srcset=\"https:\/\/notredamedecharentonne.com\/wp-content\/uploads\/2024\/09\/IMG_20240908_110541-1-1024x768.jpg 1024w, https:\/\/notredamedecharentonne.com\/wp-content\/uploads\/2024\/09\/IMG_20240908_110541-1-300x225.jpg 300w, https:\/\/notredamedecharentonne.com\/wp-content\/uploads\/2024\/09\/IMG_20240908_110541-1-768x576.jpg 768w, https:\/\/notredamedecharentonne.com\/wp-content\/uploads\/2024\/09\/IMG_20240908_110541-1-1536x1152.jpg 1536w, https:\/\/notredamedecharentonne.com\/wp-content\/uploads\/2024\/09\/IMG_20240908_110541-1-2048x1536.jpg 2048w\" sizes=\"auto, (max-width: 1024px) 100vw, 1024px\" \/><\/figure>\n\n\n\n<figure class=\"wp-block-image size-large\"><img loading=\"lazy\" decoding=\"async\" width=\"768\" height=\"1024\" data-id=\"88\" src=\"https:\/\/www.notredamedecharentonne.com\/wp-content\/uploads\/2024\/09\/pere-Elie-celebrant-768x1024.jpg\" alt=\"\" class=\"wp-image-88\" srcset=\"https:\/\/notredamedecharentonne.com\/wp-content\/uploads\/2024\/09\/pere-Elie-celebrant-768x1024.jpg 768w, https:\/\/notredamedecharentonne.com\/wp-content\/uploads\/2024\/09\/pere-Elie-celebrant-225x300.jpg 225w, https:\/\/notredamedecharentonne.com\/wp-content\/uploads\/2024\/09\/pere-Elie-celebrant-1152x1536.jpg 1152w, https:\/\/notredamedecharentonne.com\/wp-content\/uploads\/2024\/09\/pere-Elie-celebrant-1536x2048.jpg 1536w, https:\/\/notredamedecharentonne.com\/wp-content\/uploads\/2024\/09\/pere-Elie-celebrant-scaled.jpg 1920w\" sizes=\"auto, (max-width: 768px) 100vw, 768px\" \/><\/figure>\n<\/figure>\n\n\n\n<p><em>\u00ab L\u00e0 o\u00f9 deux ou trois sont r\u00e9unis en mon nom, je suis l\u00e0, au milieu d&rsquo;eux.\u00bb<\/em><br>\u2014 Matthieu 18:20<\/p>\n\n\n\n<p><strong><mark style=\"background-color:rgba(0, 0, 0, 0)\" class=\"has-inline-color has-neve-link-hover-color-color\">MESSE &#8211; <\/mark><\/strong><\/p>\n\n\n\n<p>Le planning bimestriel des messes est affich\u00e9 \u00e0 la porte des \u00e9glises et est consultable :<\/p>\n\n\n\n<ul class=\"wp-block-list\">\n<li>sur le calendrier disponible <a href=\"https:\/\/notredamedecharentonne.com\/wp-content\/uploads\/2025\/09\/Messes-septembre-octobre-2025-1.pdf\">ici<\/a>.<\/li>\n\n\n\n<li>sur le site messe info: <a href=\"https:\/\/messes.info\/horaires\/.fr%2027%20bernay\">https:\/\/messes.info\/horaires\/.fr%2027%20bernay<\/a><\/li>\n<\/ul>\n\n\n\n<p><strong><mark style=\"background-color:rgba(0, 0, 0, 0)\" class=\"has-inline-color has-neve-link-hover-color-color\">LE WEEK-END &#8211; <\/mark><\/strong><\/p>\n\n\n\n<p><strong><\/strong><strong>Messe anticip\u00e9e<\/strong> c\u00e9l\u00e9br\u00e9e \u00e0 18h l\u2019hiver ou 18h30, l\u2019\u00e9t\u00e9 dans un village de la paroisse<\/p>\n\n\n\n<ul class=\"wp-block-list\">\n<li><strong>Dimanche<\/strong> : \u00e0 <strong>9h30<\/strong> &#8211; messe \u00e0 <strong>Thiberville<\/strong> ou une autre \u00e9glise de village (cf. planning)<\/li>\n<\/ul>\n\n\n\n<p>\u00e0 <strong>11h00<\/strong> &#8211; messe \u00e0 l\u2019\u00e9glise <strong>Sainte Croix de Bernay<\/strong><\/p>\n\n\n\n<p><strong><mark style=\"background-color:rgba(0, 0, 0, 0)\" class=\"has-inline-color has-neve-link-hover-color-color\">EN SEMAINE &#8211; <\/mark><\/strong><\/p>\n\n\n\n<p><strong>Lundi <\/strong>&#8211; 10h30 \u00e0 Thiberville <strong>Mardi<\/strong> &#8211; 9h00 \u00e0 Ste Croix (Bernay)<\/p>\n\n\n\n<p><strong>Lundi, mercredi<\/strong> : 18h \u00e0 Ste Croix avec v\u00eapres int\u00e9gr\u00e9es<\/p>\n\n\n\n<p><strong>Jeudi : <\/strong>18h \u00e0 Ste Croix suivi de l\u2019adoration et la confession<\/p>\n\n\n\n<p><strong>Vendredi : <\/strong>18h \u00e0 Ste Croix (pair) en alternance avec l\u2019\u00e9glise de Beaumont-le Roger (\u2018<\/p>\n\n\n\n<p><strong><mark style=\"background-color:rgba(0, 0, 0, 0)\" class=\"has-inline-color has-neve-link-hover-color-color\">Messe en maison de sant\u00e9<\/mark><\/strong><\/p>\n\n\n\n<p>\u00b7Chaque Vendredi \u00e0 10h30 \u00e0 la maison de retraite Jacques Daviel de l&rsquo;h\u00f4pital de Bernay<\/p>\n\n\n\n<p>\u00b7A la maison de retraite de St-Aubin le Vertueux (4\u00e8me jeudi) et \u00e0 la r\u00e9sidence Lyliane Carpentier (Bernay) (3\u00e8me jeudi)<\/p>\n\n\n\n<p><\/p>\n\n\n\n<p><strong><mark style=\"background-color:rgba(0, 0, 0, 0)\" class=\"has-inline-color has-neve-link-hover-color-color\">\u00c9quipes liturgiques &#8211; <\/mark><\/strong><\/p>\n\n\n\n<p>Chaque communaut\u00e9 locale veille \u00e0 la vie liturgique, mais c&rsquo;est ensemble que nous construisons les liturgies de la paroisse. C&rsquo;est pourquoi il y a des rencontres r\u00e9guli\u00e8res de toutes les \u00e9quipes, pour pr\u00e9parer les liturgies dominicales.<\/p>\n\n\n\n<p><strong><mark style=\"background-color:rgba(0, 0, 0, 0)\" class=\"has-inline-color has-neve-link-hover-color-color\">PRIERES &#8211; <\/mark><\/strong><\/p>\n\n\n\n<ul class=\"wp-block-list\">\n<li>Mardi \u00e0 <strong>19h &#8211;<\/strong> <strong>pri\u00e8re pour la PAIX-<\/strong> chapelet \u00e0 Notre-Dame du V\u0153u<\/li>\n\n\n\n<li><strong>Pri\u00e8re dans nos villages<\/strong> &#8211; chaque premier lundi du mois, \u00e0 19h. Lidwine &#8211; 07 50 60 04 19<\/li>\n<\/ul>\n\n\n\n<p><mark style=\"background-color:rgba(0, 0, 0, 0)\" class=\"has-inline-color has-neve-link-hover-color-color\"><strong>CONFESSIONS &#8211; <\/strong><\/mark><\/p>\n\n\n\n<p>Le sacrement est possible les jeudis \u00e0 Ste Croix, apr\u00e8s la messe de 18h et les samedi matin de 10h30 \u00e0 12h00 \u00e0 l\u2019\u00e9glise Sainte-Croix de Bernay.<\/p>\n\n\n\n<p><a href=\"https:\/\/www.notredamedecharentonne.com\/index.php\/les-sacrements\/\">Pour pr\u00e9parer un autre sacrement&#8230; <\/a><\/p>\n\n\n\n<div data-wp-interactive=\"core\/file\" class=\"wp-block-file\"><object data-wp-bind--hidden=\"!state.hasPdfPreview\" hidden class=\"wp-block-file__embed\" data=\"https:\/\/notredamedecharentonne.com\/wp-content\/uploads\/2025\/09\/Messes-septembre-octobre-2025-1.pdf\" type=\"application\/pdf\" style=\"width:100%;height:600px\" aria-label=\"Contenu embarqu\u00e9 Messes septembre octobre 2025.\"><\/object><a id=\"wp-block-file--media-06e329d8-9d4c-44bb-908c-1a326cb4bc9e\" href=\"https:\/\/notredamedecharentonne.com\/wp-content\/uploads\/2025\/09\/Messes-septembre-octobre-2025-1.pdf\">Messes septembre octobre 2025<\/a><a href=\"https:\/\/notredamedecharentonne.com\/wp-content\/uploads\/2025\/09\/Messes-septembre-octobre-2025-1.pdf\" class=\"wp-block-file__button wp-element-button\" download aria-describedby=\"wp-block-file--media-06e329d8-9d4c-44bb-908c-1a326cb4bc9e\">T\u00e9l\u00e9charger<\/a><\/div>\n","protected":false},"excerpt":{"rendered":"<p>\u00ab L\u00e0 o\u00f9 deux ou trois sont r\u00e9unis en mon nom, je suis l\u00e0, au milieu d&rsquo;eux.\u00bb\u2014 Matthieu 18:20 MESSE &#8211; Le planning bimestriel des messes est affich\u00e9 \u00e0 la porte des \u00e9glises et est consultable : LE WEEK-END &#8211; Messe anticip\u00e9e c\u00e9l\u00e9br\u00e9e \u00e0 18h l\u2019hiver ou 18h30, l\u2019\u00e9t\u00e9 dans un village de la paroisse&hellip;&nbsp;<a href=\"https:\/\/notredamedecharentonne.com\/index.php\/priere-messe-liturgie\/\" class=\"\" rel=\"bookmark\">Lire la suite &raquo;<span class=\"screen-reader-text\">Pri\u00e8re &#8211; Messe &#8211; Liturgie<\/span><\/a><\/p>\n","protected":false},"author":1,"featured_media":0,"parent":0,"menu_order":0,"comment_status":"closed","ping_status":"closed","template":"","meta":{"neve_meta_sidebar":"","neve_meta_container":"","neve_meta_enable_content_width":"","neve_meta_content_width":0,"neve_meta_title_alignment":"","neve_meta_author_avatar":"","neve_post_elements_order":"","neve_meta_disable_header":"","neve_meta_disable_footer":"","neve_meta_disable_title":"","footnotes":""},"class_list":["post-85","page","type-page","status-publish","hentry"],"_links":{"self":[{"href":"https:\/\/notredamedecharentonne.com\/index.php\/wp-json\/wp\/v2\/pages\/85","targetHints":{"allow":["GET"]}}],"collection":[{"href":"https:\/\/notredamedecharentonne.com\/index.php\/wp-json\/wp\/v2\/pages"}],"about":[{"href":"https:\/\/notredamedecharentonne.com\/index.php\/wp-json\/wp\/v2\/types\/page"}],"author":[{"embeddable":true,"href":"https:\/\/notredamedecharentonne.com\/index.php\/wp-json\/wp\/v2\/users\/1"}],"replies":[{"embeddable":true,"href":"https:\/\/notredamedecharentonne.com\/index.php\/wp-json\/wp\/v2\/comments?post=85"}],"version-history":[{"count":6,"href":"https:\/\/notredamedecharentonne.com\/index.php\/wp-json\/wp\/v2\/pages\/85\/revisions"}],"predecessor-version":[{"id":504,"href":"https:\/\/notredamedecharentonne.com\/index.php\/wp-json\/wp\/v2\/pages\/85\/revisions\/504"}],"wp:attachment":[{"href":"https:\/\/notredamedecharentonne.com\/index.php\/wp-json\/wp\/v2\/media?parent=85"}],"curies":[{"name":"wp","href":"https:\/\/api.w.org\/{rel}","templated":true}]}}