{"id":30,"date":"2024-09-11T14:25:35","date_gmt":"2024-09-11T12:25:35","guid":{"rendered":"http:\/\/www.notredamedecharentonne.com\/?page_id=30"},"modified":"2024-10-09T19:48:16","modified_gmt":"2024-10-09T17:48:16","slug":"accueil","status":"publish","type":"page","link":"https:\/\/notredamedecharentonne.com\/","title":{"rendered":"Accueil"},"content":{"rendered":"\n<div class=\"wp-block-cover alignfull\" style=\"min-height:675px;aspect-ratio:unset;\"><span aria-hidden=\"true\" class=\"wp-block-cover__background has-background-dim-0 has-background-dim\"><\/span><img decoding=\"async\" class=\"wp-block-cover__image-background\" alt=\"\" src=\"http:\/\/www.notredamedecharentonne.com\/wp-content\/themes\/neve\/assets\/img\/starter-content\/neve-hero-2.png\" style=\"object-position:75% 24%\" data-object-fit=\"cover\" data-object-position=\"75% 24%\"\/><div class=\"wp-block-cover__inner-container is-layout-flow wp-block-cover-is-layout-flow\">\n<div class=\"wp-block-columns are-vertically-aligned-center is-layout-flex wp-container-core-columns-is-layout-9d6595d7 wp-block-columns-is-layout-flex\">\n<div class=\"wp-block-column is-vertically-aligned-center is-layout-flow wp-block-column-is-layout-flow\" style=\"padding-right:var(--wp--preset--spacing--20);padding-left:var(--wp--preset--spacing--20);flex-basis:65%\">\n<p><\/p>\n\n\n\n<figure class=\"wp-block-image size-large is-resized\"><img loading=\"lazy\" decoding=\"async\" width=\"1024\" height=\"975\" src=\"https:\/\/www.notredamedecharentonne.com\/wp-content\/uploads\/2024\/09\/logo-fond-blanc-1024x975.jpg\" alt=\"\" class=\"wp-image-82\" style=\"width:239px;height:auto\" srcset=\"https:\/\/notredamedecharentonne.com\/wp-content\/uploads\/2024\/09\/logo-fond-blanc-1024x975.jpg 1024w, https:\/\/notredamedecharentonne.com\/wp-content\/uploads\/2024\/09\/logo-fond-blanc-300x286.jpg 300w, https:\/\/notredamedecharentonne.com\/wp-content\/uploads\/2024\/09\/logo-fond-blanc-768x732.jpg 768w, https:\/\/notredamedecharentonne.com\/wp-content\/uploads\/2024\/09\/logo-fond-blanc-1536x1463.jpg 1536w, https:\/\/notredamedecharentonne.com\/wp-content\/uploads\/2024\/09\/logo-fond-blanc.jpg 1600w\" sizes=\"auto, (max-width: 1024px) 100vw, 1024px\" \/><\/figure>\n\n\n\n<h1 class=\"wp-block-heading has-text-align-left has-nv-text-dark-bg-color has-text-color\">Bienvenue \u00e0 la paroisse Notre-Dame de Charentonne<\/h1>\n\n\n\n<p class=\"has-text-align-left has-nv-text-dark-bg-color has-text-color\" style=\"font-size:17px\">La paroisse rassemble 33 communes et 34 \u00e9glises autour de Bernay.<\/p>\n\n\n\n<div class=\"wp-block-buttons is-horizontal is-content-justification-left is-layout-flex wp-container-core-buttons-is-layout-7e5fce0a wp-block-buttons-is-layout-flex\">\n<div class=\"wp-block-button is-style-primary\"><a class=\"wp-block-button__link has-text-color has-background has-link-color wp-element-button\" href=\"https:\/\/www.notredamedecharentonne.com\/index.php\/contact\/\" style=\"color:#0a2279;background-color:#ffffff\">Contactez-nous !<\/a><\/div>\n\n\n\n<div class=\"wp-block-button is-style-secondary\"><a class=\"wp-block-button__link has-nv-text-dark-bg-color has-text-color has-link-color wp-element-button\" href=\"https:\/\/www.notredamedecharentonne.com\/index.php\/les-sacrements\/\">Pour pr\u00e9parer un sacrement&#8230;<\/a><\/div>\n<\/div>\n\n\n\n<div class=\"wp-block-buttons is-layout-flex wp-block-buttons-is-layout-flex\">\n<div class=\"wp-block-button\"><a class=\"wp-block-button__link wp-element-button\" href=\"https:\/\/notredamedelacharentonne.systeme.io\/infolettreparoisse?fbclid=IwY2xjawFzXQhleHRuA2FlbQIxMAABHXPAtT2Q_iB0Jdn4RvoGWcTjEYx_oNnUO3Q3FiRwICg3XkorWh11vtVNYg_aem_sjjWcSKAr_Q6so0IIm88JQ\">INSCRIVEZ-VOUS \u00e0 l&rsquo;INFOLETTRE dE LA PAROISSE !<\/a><\/div>\n<\/div>\n\n\n\n<div style=\"height:181px\" aria-hidden=\"true\" class=\"wp-block-spacer\"><\/div>\n<\/div>\n\n\n\n<div class=\"wp-block-column is-vertically-aligned-center is-layout-flow wp-block-column-is-layout-flow\">\n<figure class=\"wp-block-gallery has-nested-images columns-default is-cropped wp-block-gallery-1 is-layout-flex wp-block-gallery-is-layout-flex\">\n<figure class=\"wp-block-image size-full\"><img loading=\"lazy\" decoding=\"async\" width=\"1920\" height=\"2560\" data-id=\"63\" src=\"https:\/\/www.notredamedecharentonne.com\/wp-content\/uploads\/2024\/09\/ND-de-la-Couture-scaled.jpg\" alt=\"\" class=\"wp-image-63\" srcset=\"https:\/\/notredamedecharentonne.com\/wp-content\/uploads\/2024\/09\/ND-de-la-Couture-scaled.jpg 1920w, https:\/\/notredamedecharentonne.com\/wp-content\/uploads\/2024\/09\/ND-de-la-Couture-225x300.jpg 225w, https:\/\/notredamedecharentonne.com\/wp-content\/uploads\/2024\/09\/ND-de-la-Couture-768x1024.jpg 768w, https:\/\/notredamedecharentonne.com\/wp-content\/uploads\/2024\/09\/ND-de-la-Couture-1152x1536.jpg 1152w, https:\/\/notredamedecharentonne.com\/wp-content\/uploads\/2024\/09\/ND-de-la-Couture-1536x2048.jpg 1536w\" sizes=\"auto, (max-width: 1920px) 100vw, 1920px\" \/><\/figure>\n<\/figure>\n<\/div>\n<\/div>\n<\/div><\/div>\n\n\n\n<div class=\"wp-block-columns is-layout-flex wp-container-core-columns-is-layout-9d6595d7 wp-block-columns-is-layout-flex\">\n<div class=\"wp-block-column neve-duotone is-layout-flow wp-block-column-is-layout-flow\" style=\"padding-right:var(--wp--preset--spacing--30);padding-left:var(--wp--preset--spacing--30)\"><div class=\"wp-block-image icon-style is-style-default wp-duotone-unset-2\">\n<figure class=\"aligncenter size-full has-custom-border\"><a href=\"https:\/\/www.notredamedecharentonne.com\/index.php\/priere-messe-liturgie\/\"><img loading=\"lazy\" decoding=\"async\" width=\"1920\" height=\"2560\" src=\"https:\/\/www.notredamedecharentonne.com\/wp-content\/uploads\/2024\/09\/IMG_20240831_190746-scaled.jpg\" alt=\"\" class=\"wp-image-66\" style=\"border-radius:0px\" title=\"\" srcset=\"https:\/\/notredamedecharentonne.com\/wp-content\/uploads\/2024\/09\/IMG_20240831_190746-scaled.jpg 1920w, https:\/\/notredamedecharentonne.com\/wp-content\/uploads\/2024\/09\/IMG_20240831_190746-225x300.jpg 225w, https:\/\/notredamedecharentonne.com\/wp-content\/uploads\/2024\/09\/IMG_20240831_190746-768x1024.jpg 768w, https:\/\/notredamedecharentonne.com\/wp-content\/uploads\/2024\/09\/IMG_20240831_190746-1152x1536.jpg 1152w, https:\/\/notredamedecharentonne.com\/wp-content\/uploads\/2024\/09\/IMG_20240831_190746-1536x2048.jpg 1536w\" sizes=\"auto, (max-width: 1920px) 100vw, 1920px\" \/><\/a><\/figure>\n<\/div>\n\n\n<div style=\"height:16px\" aria-hidden=\"true\" class=\"wp-block-spacer\"><\/div>\n\n\n\n<h3 class=\"wp-block-heading has-text-align-center has-neve-text-color-color has-text-color\"><a href=\"https:\/\/www.notredamedecharentonne.com\/index.php\/priere-messe-liturgie\/\">Pri\u00e8re \/ Messe<\/a><\/h3>\n\n\n\n<p class=\"has-text-align-center\"><em>\u00ab L\u00e0 o\u00f9 deux ou trois sont r\u00e9unis en mon nom, je suis l\u00e0, au milieu d&rsquo;eux.\u00bb<\/em><br>\u2014 Matthieu 18:20<\/p>\n\n\n\n<div style=\"height:20px\" aria-hidden=\"true\" class=\"wp-block-spacer\"><\/div>\n<\/div>\n\n\n\n<div class=\"wp-block-column is-layout-flow wp-block-column-is-layout-flow\" style=\"padding-right:var(--wp--preset--spacing--30);padding-left:var(--wp--preset--spacing--30)\"><div class=\"wp-block-image icon-style is-style-default\">\n<figure class=\"aligncenter size-full has-custom-border\"><a href=\"https:\/\/www.notredamedecharentonne.com\/index.php\/jeunes\/\"><img loading=\"lazy\" decoding=\"async\" width=\"1920\" height=\"2560\" src=\"https:\/\/www.notredamedecharentonne.com\/wp-content\/uploads\/2024\/09\/jeunes-premiere-communions-scaled.jpg\" alt=\"\" class=\"wp-image-67\" style=\"border-radius:0px\" title=\"\" srcset=\"https:\/\/notredamedecharentonne.com\/wp-content\/uploads\/2024\/09\/jeunes-premiere-communions-scaled.jpg 1920w, https:\/\/notredamedecharentonne.com\/wp-content\/uploads\/2024\/09\/jeunes-premiere-communions-225x300.jpg 225w, https:\/\/notredamedecharentonne.com\/wp-content\/uploads\/2024\/09\/jeunes-premiere-communions-768x1024.jpg 768w, https:\/\/notredamedecharentonne.com\/wp-content\/uploads\/2024\/09\/jeunes-premiere-communions-1152x1536.jpg 1152w, https:\/\/notredamedecharentonne.com\/wp-content\/uploads\/2024\/09\/jeunes-premiere-communions-1536x2048.jpg 1536w\" sizes=\"auto, (max-width: 1920px) 100vw, 1920px\" \/><\/a><\/figure>\n<\/div>\n\n\n<div style=\"height:16px\" aria-hidden=\"true\" class=\"wp-block-spacer\"><\/div>\n\n\n\n<h3 class=\"wp-block-heading has-text-align-center has-neve-text-color-color has-text-color\"><a href=\"https:\/\/www.notredamedecharentonne.com\/index.php\/jeunes\/\">Jeunes<\/a><\/h3>\n\n\n\n<p class=\"has-text-align-center\"><em>\u00ab Laissez les petits enfants venir \u00e0 moi, et ne les en emp\u00eachez pas ; car le royaume de Dieu est pour ceux qui leur ressemblent.\u00bb<\/em><br>\u2014 Marc 10:14<\/p>\n\n\n\n<div style=\"height:20px\" aria-hidden=\"true\" class=\"wp-block-spacer\"><\/div>\n<\/div>\n\n\n\n<div class=\"wp-block-column is-layout-flow wp-block-column-is-layout-flow\" style=\"padding-right:var(--wp--preset--spacing--30);padding-left:var(--wp--preset--spacing--30)\"><div class=\"wp-block-image icon-style is-style-default wp-duotone-unset-3\">\n<figure class=\"aligncenter size-full has-custom-border\"><a href=\"https:\/\/www.notredamedecharentonne.com\/index.php\/solidarite\/\"><img loading=\"lazy\" decoding=\"async\" width=\"684\" height=\"923\" src=\"https:\/\/www.notredamedecharentonne.com\/wp-content\/uploads\/2024\/09\/solidarite.jpg\" alt=\"\" class=\"wp-image-71\" style=\"border-radius:0px\" title=\"\" srcset=\"https:\/\/notredamedecharentonne.com\/wp-content\/uploads\/2024\/09\/solidarite.jpg 684w, https:\/\/notredamedecharentonne.com\/wp-content\/uploads\/2024\/09\/solidarite-222x300.jpg 222w\" sizes=\"auto, (max-width: 684px) 100vw, 684px\" \/><\/a><\/figure>\n<\/div>\n\n\n<div style=\"height:16px\" aria-hidden=\"true\" class=\"wp-block-spacer\"><\/div>\n\n\n\n<h3 class=\"wp-block-heading has-text-align-center has-neve-text-color-color has-text-color\"><a href=\"https:\/\/www.notredamedecharentonne.com\/index.php\/solidarite\/\">Solidarit\u00e9<\/a><\/h3>\n\n\n\n<p class=\"has-text-align-center\"><em>\u00ab Partage ton pain avec celui qui a faim, recueille chez toi les pauvres sans abri, couvre celui que tu verras nu et ne te d\u00e9robe pas \u00e0 ton semblable. \u00bb<\/em><br>\u2014 Isa\u00efe 58:7<\/p>\n\n\n\n<div style=\"height:20px\" aria-hidden=\"true\" class=\"wp-block-spacer\"><\/div>\n<\/div>\n\n\n\n<div class=\"wp-block-column is-layout-flow wp-block-column-is-layout-flow\" style=\"padding-right:var(--wp--preset--spacing--30);padding-left:var(--wp--preset--spacing--30)\"><div class=\"wp-block-image icon-style is-style-default wp-duotone-unset-4\">\n<figure class=\"aligncenter size-full has-custom-border\"><a href=\"https:\/\/www.notredamedecharentonne.com\/index.php\/se-rencontrer\/\"><img loading=\"lazy\" decoding=\"async\" width=\"375\" height=\"524\" src=\"https:\/\/www.notredamedecharentonne.com\/wp-content\/uploads\/2024\/09\/se-rencontrer.jpg\" alt=\"\" class=\"wp-image-79\" style=\"border-radius:0px\" title=\"\" srcset=\"https:\/\/notredamedecharentonne.com\/wp-content\/uploads\/2024\/09\/se-rencontrer.jpg 375w, https:\/\/notredamedecharentonne.com\/wp-content\/uploads\/2024\/09\/se-rencontrer-215x300.jpg 215w\" sizes=\"auto, (max-width: 375px) 100vw, 375px\" \/><\/a><\/figure>\n<\/div>\n\n\n<div style=\"height:16px\" aria-hidden=\"true\" class=\"wp-block-spacer\"><\/div>\n\n\n\n<h3 class=\"wp-block-heading has-text-align-center has-neve-text-color-color has-text-color\"><a href=\"https:\/\/www.notredamedecharentonne.com\/index.php\/se-rencontrer\/\">Se rencontrer<\/a><\/h3>\n\n\n\n<p class=\"has-text-align-center\"><em>\u00ab Soyez unis les uns aux autres par l&rsquo;affection fraternelle, rivalisez de respect les uns pour les autres. \u00bb<\/em><br>\u2014 Romains 12:10<\/p>\n\n\n\n<div style=\"height:20px\" aria-hidden=\"true\" class=\"wp-block-spacer\"><\/div>\n<\/div>\n\n\n\n<div class=\"wp-block-column is-layout-flow wp-block-column-is-layout-flow\" style=\"padding-right:var(--wp--preset--spacing--30);padding-left:var(--wp--preset--spacing--30)\"><div class=\"wp-block-image icon-style is-style-default wp-duotone-unset-5\">\n<figure class=\"aligncenter size-full has-custom-border\"><a href=\"https:\/\/www.notredamedecharentonne.com\/index.php\/se-former\/\"><img loading=\"lazy\" decoding=\"async\" width=\"1940\" height=\"2560\" src=\"https:\/\/www.notredamedecharentonne.com\/wp-content\/uploads\/2024\/09\/groupe-biblique-oecumenique-scaled.jpg\" alt=\"\" class=\"wp-image-68\" style=\"border-radius:0px\" title=\"\" srcset=\"https:\/\/notredamedecharentonne.com\/wp-content\/uploads\/2024\/09\/groupe-biblique-oecumenique-scaled.jpg 1940w, https:\/\/notredamedecharentonne.com\/wp-content\/uploads\/2024\/09\/groupe-biblique-oecumenique-227x300.jpg 227w, https:\/\/notredamedecharentonne.com\/wp-content\/uploads\/2024\/09\/groupe-biblique-oecumenique-776x1024.jpg 776w, https:\/\/notredamedecharentonne.com\/wp-content\/uploads\/2024\/09\/groupe-biblique-oecumenique-768x1014.jpg 768w, https:\/\/notredamedecharentonne.com\/wp-content\/uploads\/2024\/09\/groupe-biblique-oecumenique-1164x1536.jpg 1164w, https:\/\/notredamedecharentonne.com\/wp-content\/uploads\/2024\/09\/groupe-biblique-oecumenique-1552x2048.jpg 1552w\" sizes=\"auto, (max-width: 1940px) 100vw, 1940px\" \/><\/a><\/figure>\n<\/div>\n\n\n<div style=\"height:16px\" aria-hidden=\"true\" class=\"wp-block-spacer\"><\/div>\n\n\n\n<h3 class=\"wp-block-heading has-text-align-center has-neve-text-color-color has-text-color\"><a href=\"https:\/\/www.notredamedecharentonne.com\/index.php\/se-former\/\">Se former<\/a><\/h3>\n\n\n\n<p class=\"has-text-align-center\"><em>\u00ab Croissez dans la gr\u00e2ce et dans la connaissance de notre Seigneur et Sauveur J\u00e9sus-Christ. \u00c0 lui soit la gloire, maintenant et pour l\u2019\u00e9ternit\u00e9 ! \u00bb<\/em><br>\u2014 2 Pierre 3:18<\/p>\n\n\n\n<div style=\"height:20px\" aria-hidden=\"true\" class=\"wp-block-spacer\"><\/div>\n<\/div>\n<\/div>\n\n\n\n<div class=\"wp-block-cover alignfull\" style=\"min-height:600px;aspect-ratio:unset;\"><span aria-hidden=\"true\" class=\"wp-block-cover__background has-nv-light-bg-background-color has-background-dim-80 has-background-dim\"><\/span><div class=\"wp-block-cover__inner-container is-layout-flow wp-block-cover-is-layout-flow\">\n<div class=\"wp-block-group\"><div class=\"wp-block-group__inner-container is-layout-flow wp-block-group-is-layout-flow\">\n<div class=\"wp-block-columns are-vertically-aligned-center is-layout-flex wp-container-core-columns-is-layout-9d6595d7 wp-block-columns-is-layout-flex\">\n<div class=\"wp-block-column is-vertically-aligned-center is-layout-flow wp-block-column-is-layout-flow\" style=\"padding-right:var(--wp--preset--spacing--30);padding-left:var(--wp--preset--spacing--30);flex-basis:50%\">\n<figure class=\"wp-block-image size-full has-custom-border\"><a href=\"https:\/\/www.notredamedecharentonne.com\/index.php\/les-sacrements\/\"><img loading=\"lazy\" decoding=\"async\" width=\"1280\" height=\"972\" src=\"https:\/\/www.notredamedecharentonne.com\/wp-content\/uploads\/2024\/09\/dew-638110_1280-1.jpg\" alt=\"\" class=\"wp-image-134\" style=\"border-radius:16px\" srcset=\"https:\/\/notredamedecharentonne.com\/wp-content\/uploads\/2024\/09\/dew-638110_1280-1.jpg 1280w, https:\/\/notredamedecharentonne.com\/wp-content\/uploads\/2024\/09\/dew-638110_1280-1-300x228.jpg 300w, https:\/\/notredamedecharentonne.com\/wp-content\/uploads\/2024\/09\/dew-638110_1280-1-1024x778.jpg 1024w, https:\/\/notredamedecharentonne.com\/wp-content\/uploads\/2024\/09\/dew-638110_1280-1-768x583.jpg 768w\" sizes=\"auto, (max-width: 1280px) 100vw, 1280px\" \/><\/a><\/figure>\n\n\n\n<div style=\"height:24px\" aria-hidden=\"true\" class=\"wp-block-spacer\"><\/div>\n\n\n\n<h3 class=\"wp-block-heading has-text-align-center has-neve-text-color-color has-text-color\"><a href=\"https:\/\/www.notredamedecharentonne.com\/index.php\/les-sacrements\/\">Les Sacrements<\/a><\/h3>\n\n\n\n<div style=\"height:40px\" aria-hidden=\"true\" class=\"wp-block-spacer\"><\/div>\n<\/div>\n\n\n\n<div class=\"wp-block-column is-vertically-aligned-center is-layout-flow wp-block-column-is-layout-flow\" style=\"padding-right:var(--wp--preset--spacing--30);padding-left:var(--wp--preset--spacing--30);flex-basis:50%\">\n<figure class=\"wp-block-image size-full has-custom-border\"><a href=\"https:\/\/www.notredamedecharentonne.com\/index.php\/accueil-2\/\"><img loading=\"lazy\" decoding=\"async\" width=\"1280\" height=\"944\" src=\"https:\/\/www.notredamedecharentonne.com\/wp-content\/uploads\/2024\/09\/daisies-712892_1280.jpg\" alt=\"\" class=\"wp-image-135\" style=\"border-radius:16px\" srcset=\"https:\/\/notredamedecharentonne.com\/wp-content\/uploads\/2024\/09\/daisies-712892_1280.jpg 1280w, https:\/\/notredamedecharentonne.com\/wp-content\/uploads\/2024\/09\/daisies-712892_1280-300x221.jpg 300w, https:\/\/notredamedecharentonne.com\/wp-content\/uploads\/2024\/09\/daisies-712892_1280-1024x755.jpg 1024w, https:\/\/notredamedecharentonne.com\/wp-content\/uploads\/2024\/09\/daisies-712892_1280-768x566.jpg 768w\" sizes=\"auto, (max-width: 1280px) 100vw, 1280px\" \/><\/a><\/figure>\n\n\n\n<div style=\"height:24px\" aria-hidden=\"true\" class=\"wp-block-spacer\"><\/div>\n\n\n\n<h3 class=\"wp-block-heading has-text-align-center has-neve-text-color-color has-text-color\"><a href=\"https:\/\/www.notredamedecharentonne.com\/index.php\/accueil-2\/\">Accueil<\/a><\/h3>\n\n\n\n<div style=\"height:40px\" aria-hidden=\"true\" class=\"wp-block-spacer\"><\/div>\n<\/div>\n<\/div>\n<\/div><\/div>\n<\/div><\/div>\n\n\n\n<div class=\"wp-block-cover alignfull\" style=\"min-height:300px;aspect-ratio:unset;\"><span aria-hidden=\"true\" class=\"wp-block-cover__background has-neve-link-color-background-color has-background-dim-100 has-background-dim\"><\/span><div class=\"wp-block-cover__inner-container is-layout-flow wp-block-cover-is-layout-flow\">\n<div class=\"wp-block-columns is-layout-flex wp-container-core-columns-is-layout-9d6595d7 wp-block-columns-is-layout-flex\">\n<div class=\"wp-block-column is-layout-flow wp-block-column-is-layout-flow\" style=\"flex-basis:20%\"><\/div>\n\n\n\n<div class=\"wp-block-column is-layout-flow wp-block-column-is-layout-flow\" style=\"flex-basis:60%\">\n<div class=\"wp-block-group\"><div class=\"wp-block-group__inner-container is-layout-constrained wp-block-group-is-layout-constrained\">\n<h2 class=\"wp-block-heading has-text-align-center has-nv-text-dark-bg-color has-text-color\">Pour garder le lien via les r\u00e9seaux sociaux<\/h2>\n<\/div><\/div>\n\n\n\n<ul class=\"wp-block-social-links is-content-justification-center is-layout-flex wp-container-core-social-links-is-layout-16018d1d wp-block-social-links-is-layout-flex\"><li class=\"wp-social-link wp-social-link-facebook  wp-block-social-link\"><a href=\"https:\/\/www.facebook.com\/NDCharentonne\/\" class=\"wp-block-social-link-anchor\"><svg width=\"24\" height=\"24\" viewBox=\"0 0 24 24\" version=\"1.1\" xmlns=\"http:\/\/www.w3.org\/2000\/svg\" aria-hidden=\"true\" focusable=\"false\"><path d=\"M12 2C6.5 2 2 6.5 2 12c0 5 3.7 9.1 8.4 9.9v-7H7.9V12h2.5V9.8c0-2.5 1.5-3.9 3.8-3.9 1.1 0 2.2.2 2.2.2v2.5h-1.3c-1.2 0-1.6.8-1.6 1.6V12h2.8l-.4 2.9h-2.3v7C18.3 21.1 22 17 22 12c0-5.5-4.5-10-10-10z\"><\/path><\/svg><span class=\"wp-block-social-link-label screen-reader-text\">Facebook<\/span><\/a><\/li>\n\n<li class=\"wp-social-link wp-social-link-instagram  wp-block-social-link\"><a href=\"https:\/\/www.instagram.com\/paroissendcharentonne\/?locale=%E5%8A%9E%E5%81%87%E7%9A%84%E6%8B%89%E8%84%B1%E7%BB%B4%E4%BA%9A%E9%A9%BE%E9%A9%B6%E6%89%A7%E7%85%A7%E8%81%94%E7%B3%BB%7B%E5%A8%81%E4%BF%A1%2BTG%2F%E9%A3%9E%E6%9C%BA%3A%40buth2788%7D01Y9q%3F%3F%3F%3F%3F%3F%D1%A7%3F%3F%C6%BEPtrLp&#038;hl=am-et\" class=\"wp-block-social-link-anchor\"><svg width=\"24\" height=\"24\" viewBox=\"0 0 24 24\" version=\"1.1\" xmlns=\"http:\/\/www.w3.org\/2000\/svg\" aria-hidden=\"true\" focusable=\"false\"><path d=\"M12,4.622c2.403,0,2.688,0.009,3.637,0.052c0.877,0.04,1.354,0.187,1.671,0.31c0.42,0.163,0.72,0.358,1.035,0.673 c0.315,0.315,0.51,0.615,0.673,1.035c0.123,0.317,0.27,0.794,0.31,1.671c0.043,0.949,0.052,1.234,0.052,3.637 s-0.009,2.688-0.052,3.637c-0.04,0.877-0.187,1.354-0.31,1.671c-0.163,0.42-0.358,0.72-0.673,1.035 c-0.315,0.315-0.615,0.51-1.035,0.673c-0.317,0.123-0.794,0.27-1.671,0.31c-0.949,0.043-1.233,0.052-3.637,0.052 s-2.688-0.009-3.637-0.052c-0.877-0.04-1.354-0.187-1.671-0.31c-0.42-0.163-0.72-0.358-1.035-0.673 c-0.315-0.315-0.51-0.615-0.673-1.035c-0.123-0.317-0.27-0.794-0.31-1.671C4.631,14.688,4.622,14.403,4.622,12 s0.009-2.688,0.052-3.637c0.04-0.877,0.187-1.354,0.31-1.671c0.163-0.42,0.358-0.72,0.673-1.035 c0.315-0.315,0.615-0.51,1.035-0.673c0.317-0.123,0.794-0.27,1.671-0.31C9.312,4.631,9.597,4.622,12,4.622 M12,3 C9.556,3,9.249,3.01,8.289,3.054C7.331,3.098,6.677,3.25,6.105,3.472C5.513,3.702,5.011,4.01,4.511,4.511 c-0.5,0.5-0.808,1.002-1.038,1.594C3.25,6.677,3.098,7.331,3.054,8.289C3.01,9.249,3,9.556,3,12c0,2.444,0.01,2.751,0.054,3.711 c0.044,0.958,0.196,1.612,0.418,2.185c0.23,0.592,0.538,1.094,1.038,1.594c0.5,0.5,1.002,0.808,1.594,1.038 c0.572,0.222,1.227,0.375,2.185,0.418C9.249,20.99,9.556,21,12,21s2.751-0.01,3.711-0.054c0.958-0.044,1.612-0.196,2.185-0.418 c0.592-0.23,1.094-0.538,1.594-1.038c0.5-0.5,0.808-1.002,1.038-1.594c0.222-0.572,0.375-1.227,0.418-2.185 C20.99,14.751,21,14.444,21,12s-0.01-2.751-0.054-3.711c-0.044-0.958-0.196-1.612-0.418-2.185c-0.23-0.592-0.538-1.094-1.038-1.594 c-0.5-0.5-1.002-0.808-1.594-1.038c-0.572-0.222-1.227-0.375-2.185-0.418C14.751,3.01,14.444,3,12,3L12,3z M12,7.378 c-2.552,0-4.622,2.069-4.622,4.622S9.448,16.622,12,16.622s4.622-2.069,4.622-4.622S14.552,7.378,12,7.378z M12,15 c-1.657,0-3-1.343-3-3s1.343-3,3-3s3,1.343,3,3S13.657,15,12,15z M16.804,6.116c-0.596,0-1.08,0.484-1.08,1.08 s0.484,1.08,1.08,1.08c0.596,0,1.08-0.484,1.08-1.08S17.401,6.116,16.804,6.116z\"><\/path><\/svg><span class=\"wp-block-social-link-label screen-reader-text\">Instagram<\/span><\/a><\/li><\/ul>\n<\/div>\n<\/div>\n<\/div><\/div>\n\n\n\n<p><\/p>\n\n\n\n<div class=\"wp-block-buttons is-layout-flex wp-block-buttons-is-layout-flex\">\n<div class=\"wp-block-button\"><a class=\"wp-block-button__link wp-element-button\" href=\"https:\/\/notredamedelacharentonne.systeme.io\/infolettreparoisse?fbclid=IwY2xjawFzXQhleHRuA2FlbQIxMAABHXPAtT2Q_iB0Jdn4RvoGWcTjEYx_oNnUO3Q3FiRwICg3XkorWh11vtVNYg_aem_sjjWcSKAr_Q6so0IIm88JQ\">Pour vous inscrire \u00e0 la newsletter de la paroisse<\/a><\/div>\n<\/div>\n\n\n\n<p><\/p>\n","protected":false},"excerpt":{"rendered":"<p>Pri\u00e8re \/ Messe \u00ab L\u00e0 o\u00f9 deux ou trois sont r\u00e9unis en mon nom, je suis l\u00e0, au milieu d&rsquo;eux.\u00bb\u2014 Matthieu 18:20 Jeunes \u00ab Laissez les petits enfants venir \u00e0 moi, et ne les en emp\u00eachez pas ; car le royaume de Dieu est pour ceux qui leur ressemblent.\u00bb\u2014 Marc 10:14 Solidarit\u00e9 \u00ab Partage ton&hellip;&nbsp;<a href=\"https:\/\/notredamedecharentonne.com\/\" class=\"\" rel=\"bookmark\">Lire la suite &raquo;<span class=\"screen-reader-text\">Accueil<\/span><\/a><\/p>\n","protected":false},"author":1,"featured_media":0,"parent":0,"menu_order":0,"comment_status":"closed","ping_status":"closed","template":"","meta":{"neve_meta_sidebar":"","neve_meta_container":"","neve_meta_enable_content_width":"on","neve_meta_content_width":100,"neve_meta_title_alignment":"","neve_meta_author_avatar":"","neve_post_elements_order":"","neve_meta_disable_header":"","neve_meta_disable_footer":"","neve_meta_disable_title":"on","footnotes":""},"class_list":["post-30","page","type-page","status-publish","hentry"],"_links":{"self":[{"href":"https:\/\/notredamedecharentonne.com\/index.php\/wp-json\/wp\/v2\/pages\/30","targetHints":{"allow":["GET"]}}],"collection":[{"href":"https:\/\/notredamedecharentonne.com\/index.php\/wp-json\/wp\/v2\/pages"}],"about":[{"href":"https:\/\/notredamedecharentonne.com\/index.php\/wp-json\/wp\/v2\/types\/page"}],"author":[{"embeddable":true,"href":"https:\/\/notredamedecharentonne.com\/index.php\/wp-json\/wp\/v2\/users\/1"}],"replies":[{"embeddable":true,"href":"https:\/\/notredamedecharentonne.com\/index.php\/wp-json\/wp\/v2\/comments?post=30"}],"version-history":[{"count":23,"href":"https:\/\/notredamedecharentonne.com\/index.php\/wp-json\/wp\/v2\/pages\/30\/revisions"}],"predecessor-version":[{"id":242,"href":"https:\/\/notredamedecharentonne.com\/index.php\/wp-json\/wp\/v2\/pages\/30\/revisions\/242"}],"wp:attachment":[{"href":"https:\/\/notredamedecharentonne.com\/index.php\/wp-json\/wp\/v2\/media?parent=30"}],"curies":[{"name":"wp","href":"https:\/\/api.w.org\/{rel}","templated":true}]}}