{"id":189,"date":"2024-09-14T22:41:07","date_gmt":"2024-09-14T20:41:07","guid":{"rendered":"https:\/\/www.notredamedecharentonne.com\/?page_id=189"},"modified":"2024-09-14T22:41:07","modified_gmt":"2024-09-14T20:41:07","slug":"services","status":"publish","type":"page","link":"https:\/\/notredamedecharentonne.com\/index.php\/services\/","title":{"rendered":"Services"},"content":{"rendered":"\n<figure class=\"wp-block-image size-large\"><img loading=\"lazy\" decoding=\"async\" width=\"1024\" height=\"585\" src=\"https:\/\/www.notredamedecharentonne.com\/wp-content\/uploads\/2024\/09\/lavement-des-pieds-bis-1024x585.webp\" alt=\"\" class=\"wp-image-190\" srcset=\"https:\/\/notredamedecharentonne.com\/wp-content\/uploads\/2024\/09\/lavement-des-pieds-bis-1024x585.webp 1024w, https:\/\/notredamedecharentonne.com\/wp-content\/uploads\/2024\/09\/lavement-des-pieds-bis-300x171.webp 300w, https:\/\/notredamedecharentonne.com\/wp-content\/uploads\/2024\/09\/lavement-des-pieds-bis-768x439.webp 768w, https:\/\/notredamedecharentonne.com\/wp-content\/uploads\/2024\/09\/lavement-des-pieds-bis-1536x878.webp 1536w, https:\/\/notredamedecharentonne.com\/wp-content\/uploads\/2024\/09\/lavement-des-pieds-bis.webp 1792w\" sizes=\"auto, (max-width: 1024px) 100vw, 1024px\" \/><\/figure>\n\n\n\n<p><em>\u00ab Chacun de vous a re\u00e7u une gr\u00e2ce particuli\u00e8re : qu&rsquo;il la mette au service des autres, comme de bons intendants de la gr\u00e2ce infiniment vari\u00e9e de Dieu. \u00bb<\/em><br>\u2014 1 Pierre 4:10<\/p>\n\n\n\n<p>Les besoins sont multiples au sein de la paroisse : permanence \u00e0 l&rsquo;accueil, cat\u00e9ch\u00e8se, c\u00e9l\u00e9bration des fun\u00e9railles, animation des chants \u00e0 la messe&#8230; Chacun\/e de nous a des talents divers. N&rsquo;h\u00e9sitez pas \u00e0 le partager au sein de la paroisse !<\/p>\n\n\n\n<ul class=\"wp-block-list\">\n<li><strong>Sacristain <\/strong>&#8211; une \u00e9quipe de sacristains assure le service de la sacristie \u00e0 Ste Croix. Emmanuelle Stawski : 06 20 10 27 70<\/li>\n\n\n\n<li><strong>M\u00e9nage de l\u2019\u00e9glise &#8211; <\/strong>Il est fait par une \u00e9quipe le premier jeudi de chaque mois \u00e0 10h une fois par mois en alternance l\u2019\u00e9glise Ste-Croix et l\u2019\u00e9glise Notre-Dame de la Couture. Dur\u00e9e : 1h\/1h30 Yolande de Bois H\u00e9bert : 06 50 43 98 30<\/li>\n\n\n\n<li><strong>Finances et travaux : <\/strong>Une commission assure le suivi des finances et des travaux. Elle supervise les divers bricolages et assure le comptage des qu\u00eates. Le don au denier du culte soutient la vie de notre dioc\u00e8se (d\u00e9duction fiscale possible).<\/li>\n<\/ul>\n","protected":false},"excerpt":{"rendered":"<p>\u00ab Chacun de vous a re\u00e7u une gr\u00e2ce particuli\u00e8re : qu&rsquo;il la mette au service des autres, comme de bons intendants de la gr\u00e2ce infiniment vari\u00e9e de Dieu. \u00bb\u2014 1 Pierre 4:10 Les besoins sont multiples au sein de la paroisse : permanence \u00e0 l&rsquo;accueil, cat\u00e9ch\u00e8se, c\u00e9l\u00e9bration des fun\u00e9railles, animation des chants \u00e0 la messe&#8230;&hellip;&nbsp;<a href=\"https:\/\/notredamedecharentonne.com\/index.php\/services\/\" class=\"\" rel=\"bookmark\">Lire la suite &raquo;<span class=\"screen-reader-text\">Services<\/span><\/a><\/p>\n","protected":false},"author":1,"featured_media":0,"parent":0,"menu_order":0,"comment_status":"closed","ping_status":"closed","template":"","meta":{"neve_meta_sidebar":"","neve_meta_container":"","neve_meta_enable_content_width":"","neve_meta_content_width":0,"neve_meta_title_alignment":"","neve_meta_author_avatar":"","neve_post_elements_order":"","neve_meta_disable_header":"","neve_meta_disable_footer":"","neve_meta_disable_title":"","footnotes":""},"class_list":["post-189","page","type-page","status-publish","hentry"],"_links":{"self":[{"href":"https:\/\/notredamedecharentonne.com\/index.php\/wp-json\/wp\/v2\/pages\/189","targetHints":{"allow":["GET"]}}],"collection":[{"href":"https:\/\/notredamedecharentonne.com\/index.php\/wp-json\/wp\/v2\/pages"}],"about":[{"href":"https:\/\/notredamedecharentonne.com\/index.php\/wp-json\/wp\/v2\/types\/page"}],"author":[{"embeddable":true,"href":"https:\/\/notredamedecharentonne.com\/index.php\/wp-json\/wp\/v2\/users\/1"}],"replies":[{"embeddable":true,"href":"https:\/\/notredamedecharentonne.com\/index.php\/wp-json\/wp\/v2\/comments?post=189"}],"version-history":[{"count":1,"href":"https:\/\/notredamedecharentonne.com\/index.php\/wp-json\/wp\/v2\/pages\/189\/revisions"}],"predecessor-version":[{"id":191,"href":"https:\/\/notredamedecharentonne.com\/index.php\/wp-json\/wp\/v2\/pages\/189\/revisions\/191"}],"wp:attachment":[{"href":"https:\/\/notredamedecharentonne.com\/index.php\/wp-json\/wp\/v2\/media?parent=189"}],"curies":[{"name":"wp","href":"https:\/\/api.w.org\/{rel}","templated":true}]}}