{"id":158,"date":"2024-09-14T21:37:35","date_gmt":"2024-09-14T19:37:35","guid":{"rendered":"https:\/\/www.notredamedecharentonne.com\/?page_id=158"},"modified":"2025-12-02T19:12:10","modified_gmt":"2025-12-02T18:12:10","slug":"se-former","status":"publish","type":"page","link":"https:\/\/notredamedecharentonne.com\/index.php\/se-former\/","title":{"rendered":"Se former"},"content":{"rendered":"\n<figure class=\"wp-block-gallery has-nested-images columns-default is-cropped wp-block-gallery-1 is-layout-flex wp-block-gallery-is-layout-flex\">\n<figure class=\"wp-block-image size-large\"><img loading=\"lazy\" decoding=\"async\" width=\"776\" height=\"1024\" data-id=\"160\" src=\"https:\/\/www.notredamedecharentonne.com\/wp-content\/uploads\/2024\/09\/groupe-biblique-oecumenique-1-776x1024.jpg\" alt=\"\" class=\"wp-image-160\" srcset=\"https:\/\/notredamedecharentonne.com\/wp-content\/uploads\/2024\/09\/groupe-biblique-oecumenique-1-776x1024.jpg 776w, https:\/\/notredamedecharentonne.com\/wp-content\/uploads\/2024\/09\/groupe-biblique-oecumenique-1-227x300.jpg 227w, https:\/\/notredamedecharentonne.com\/wp-content\/uploads\/2024\/09\/groupe-biblique-oecumenique-1-768x1014.jpg 768w, https:\/\/notredamedecharentonne.com\/wp-content\/uploads\/2024\/09\/groupe-biblique-oecumenique-1-1164x1536.jpg 1164w, https:\/\/notredamedecharentonne.com\/wp-content\/uploads\/2024\/09\/groupe-biblique-oecumenique-1-1552x2048.jpg 1552w, https:\/\/notredamedecharentonne.com\/wp-content\/uploads\/2024\/09\/groupe-biblique-oecumenique-1-scaled.jpg 1940w\" sizes=\"auto, (max-width: 776px) 100vw, 776px\" \/><\/figure>\n\n\n\n<figure class=\"wp-block-image size-large\"><img loading=\"lazy\" decoding=\"async\" width=\"640\" height=\"427\" data-id=\"161\" src=\"https:\/\/www.notredamedecharentonne.com\/wp-content\/uploads\/2024\/09\/bible-1281216_640.jpg\" alt=\"\" class=\"wp-image-161\" srcset=\"https:\/\/notredamedecharentonne.com\/wp-content\/uploads\/2024\/09\/bible-1281216_640.jpg 640w, https:\/\/notredamedecharentonne.com\/wp-content\/uploads\/2024\/09\/bible-1281216_640-300x200.jpg 300w\" sizes=\"auto, (max-width: 640px) 100vw, 640px\" \/><\/figure>\n\n\n\n<figure class=\"wp-block-image size-large\"><img loading=\"lazy\" decoding=\"async\" width=\"1022\" height=\"1024\" data-id=\"159\" src=\"https:\/\/www.notredamedecharentonne.com\/wp-content\/uploads\/2024\/09\/jeunes-salle-cate-deux-1022x1024.jpg\" alt=\"\" class=\"wp-image-159\" srcset=\"https:\/\/notredamedecharentonne.com\/wp-content\/uploads\/2024\/09\/jeunes-salle-cate-deux-1022x1024.jpg 1022w, https:\/\/notredamedecharentonne.com\/wp-content\/uploads\/2024\/09\/jeunes-salle-cate-deux-300x300.jpg 300w, https:\/\/notredamedecharentonne.com\/wp-content\/uploads\/2024\/09\/jeunes-salle-cate-deux-150x150.jpg 150w, https:\/\/notredamedecharentonne.com\/wp-content\/uploads\/2024\/09\/jeunes-salle-cate-deux-768x769.jpg 768w, https:\/\/notredamedecharentonne.com\/wp-content\/uploads\/2024\/09\/jeunes-salle-cate-deux.jpg 1242w\" sizes=\"auto, (max-width: 1022px) 100vw, 1022px\" \/><\/figure>\n<\/figure>\n\n\n\n<p><\/p>\n\n\n\n<p><mark style=\"background-color:rgba(0, 0, 0, 0)\" class=\"has-inline-color has-neve-link-hover-color-color\"><strong>EPHATA :<\/strong> <\/mark>un jeudi \/mois \u00e0 19h : apprendre \u00e0 s\u2019ouvrir \u00e0 la Bible et trouver des mots pour dire notre foi en Dieu dans nos vies : Alain Six, Fran\u00e7oise Pichon et Elisabeth Erard 06 31 17 08 04. <a href=\"https:\/\/notredamedecharentonne.com\/wp-content\/uploads\/2025\/12\/Ephata-Fraternite.pdf\">Voici le programme et les dates de cette ann\u00e9e 2025-2026<\/a>. Cette ann\u00e9e, le th\u00e8me est la fraternit\u00e9.<\/p>\n\n\n\n<p><strong><mark style=\"background-color:rgba(0, 0, 0, 0)\" class=\"has-inline-color has-neve-link-hover-color-color\">Aimer la Bible : <\/mark><\/strong>un lundi par mois \u00e0 14h, ouvrir la Bible avec d\u2019autres et partager. Fran\u00e7oise Pichon, Elisabeth Erard 06 31 17 08 04<\/p>\n\n\n\n<p><strong><mark style=\"background-color:rgba(0, 0, 0, 0)\" class=\"has-inline-color has-neve-link-hover-color-color\">Groupe Biblique \u0153cum\u00e9nique :<\/mark> <\/strong>un vendredi \/ mois 19h 45 &#8211; Emmanuelle Stawski. <a href=\"https:\/\/notredamedecharentonne.com\/wp-content\/uploads\/2025\/10\/Planning-groupe-biblique-oecumenique-Bernay-2025-2026.pdf\">Voici le programme et les dates de cette ann\u00e9e<\/a>.<\/p>\n\n\n\n<p>Protestants et catholiques ensemble devant les \u00e9critures. 06 20 10 27 70<\/p>\n\n\n\n<p><strong><mark style=\"background-color:rgba(0, 0, 0, 0)\" class=\"has-inline-color has-neve-link-hover-color-color\">Lire l\u2019\u00c9vangile \u00e0 l\u2019\u00e9cole de St Fran\u00e7ois de Sales : <\/mark><\/strong>le 3\u00e8me mardi du mois &#8211; 15h chez les s\u0153urs 11 rue Taillefer &#8211; S\u0153ur Alyette &#8211; 07 55 63 59 43<\/p>\n\n\n\n<p><mark style=\"background-color:rgba(0, 0, 0, 0)\" class=\"has-inline-color has-neve-link-hover-color-color\"><strong>P\u00e8lerinages :<\/strong> <\/mark>cf. site du dioc\u00e8se<\/p>\n\n\n\n<p><\/p>\n","protected":false},"excerpt":{"rendered":"<p>EPHATA : un jeudi \/mois \u00e0 19h : apprendre \u00e0 s\u2019ouvrir \u00e0 la Bible et trouver des mots pour dire notre foi en Dieu dans nos vies : Alain Six, Fran\u00e7oise Pichon et Elisabeth Erard 06 31 17 08 04. Voici le programme et les dates de cette ann\u00e9e 2025-2026. Cette ann\u00e9e, le th\u00e8me est&hellip;&nbsp;<a href=\"https:\/\/notredamedecharentonne.com\/index.php\/se-former\/\" class=\"\" rel=\"bookmark\">Lire la suite &raquo;<span class=\"screen-reader-text\">Se former<\/span><\/a><\/p>\n","protected":false},"author":1,"featured_media":0,"parent":0,"menu_order":0,"comment_status":"closed","ping_status":"closed","template":"","meta":{"neve_meta_sidebar":"","neve_meta_container":"","neve_meta_enable_content_width":"","neve_meta_content_width":0,"neve_meta_title_alignment":"","neve_meta_author_avatar":"","neve_post_elements_order":"","neve_meta_disable_header":"","neve_meta_disable_footer":"","neve_meta_disable_title":"","footnotes":""},"class_list":["post-158","page","type-page","status-publish","hentry"],"_links":{"self":[{"href":"https:\/\/notredamedecharentonne.com\/index.php\/wp-json\/wp\/v2\/pages\/158","targetHints":{"allow":["GET"]}}],"collection":[{"href":"https:\/\/notredamedecharentonne.com\/index.php\/wp-json\/wp\/v2\/pages"}],"about":[{"href":"https:\/\/notredamedecharentonne.com\/index.php\/wp-json\/wp\/v2\/types\/page"}],"author":[{"embeddable":true,"href":"https:\/\/notredamedecharentonne.com\/index.php\/wp-json\/wp\/v2\/users\/1"}],"replies":[{"embeddable":true,"href":"https:\/\/notredamedecharentonne.com\/index.php\/wp-json\/wp\/v2\/comments?post=158"}],"version-history":[{"count":5,"href":"https:\/\/notredamedecharentonne.com\/index.php\/wp-json\/wp\/v2\/pages\/158\/revisions"}],"predecessor-version":[{"id":571,"href":"https:\/\/notredamedecharentonne.com\/index.php\/wp-json\/wp\/v2\/pages\/158\/revisions\/571"}],"wp:attachment":[{"href":"https:\/\/notredamedecharentonne.com\/index.php\/wp-json\/wp\/v2\/media?parent=158"}],"curies":[{"name":"wp","href":"https:\/\/api.w.org\/{rel}","templated":true}]}}