{"id":151,"date":"2024-09-14T21:33:40","date_gmt":"2024-09-14T19:33:40","guid":{"rendered":"https:\/\/www.notredamedecharentonne.com\/?page_id=151"},"modified":"2024-09-14T21:43:09","modified_gmt":"2024-09-14T19:43:09","slug":"se-rencontrer","status":"publish","type":"page","link":"https:\/\/notredamedecharentonne.com\/index.php\/se-rencontrer\/","title":{"rendered":"Se Rencontrer"},"content":{"rendered":"\n<figure class=\"wp-block-gallery has-nested-images columns-default is-cropped wp-block-gallery-1 is-layout-flex wp-block-gallery-is-layout-flex\">\n<figure class=\"wp-block-image size-large\"><img loading=\"lazy\" decoding=\"async\" width=\"1024\" height=\"768\" data-id=\"154\" src=\"https:\/\/www.notredamedecharentonne.com\/wp-content\/uploads\/2024\/09\/IMG_20240901_104715-1024x768.jpg\" alt=\"\" class=\"wp-image-154\" srcset=\"https:\/\/notredamedecharentonne.com\/wp-content\/uploads\/2024\/09\/IMG_20240901_104715-1024x768.jpg 1024w, https:\/\/notredamedecharentonne.com\/wp-content\/uploads\/2024\/09\/IMG_20240901_104715-300x225.jpg 300w, https:\/\/notredamedecharentonne.com\/wp-content\/uploads\/2024\/09\/IMG_20240901_104715-768x576.jpg 768w, https:\/\/notredamedecharentonne.com\/wp-content\/uploads\/2024\/09\/IMG_20240901_104715-1536x1152.jpg 1536w, https:\/\/notredamedecharentonne.com\/wp-content\/uploads\/2024\/09\/IMG_20240901_104715-2048x1536.jpg 2048w\" sizes=\"auto, (max-width: 1024px) 100vw, 1024px\" \/><\/figure>\n\n\n\n<figure class=\"wp-block-image size-large\"><img loading=\"lazy\" decoding=\"async\" width=\"1008\" height=\"756\" data-id=\"153\" src=\"https:\/\/www.notredamedecharentonne.com\/wp-content\/uploads\/2024\/09\/Resized_20240825_121023.jpeg\" alt=\"\" class=\"wp-image-153\" srcset=\"https:\/\/notredamedecharentonne.com\/wp-content\/uploads\/2024\/09\/Resized_20240825_121023.jpeg 1008w, https:\/\/notredamedecharentonne.com\/wp-content\/uploads\/2024\/09\/Resized_20240825_121023-300x225.jpeg 300w, https:\/\/notredamedecharentonne.com\/wp-content\/uploads\/2024\/09\/Resized_20240825_121023-768x576.jpeg 768w\" sizes=\"auto, (max-width: 1008px) 100vw, 1008px\" \/><\/figure>\n\n\n\n<figure class=\"wp-block-image size-large\"><img loading=\"lazy\" decoding=\"async\" width=\"375\" height=\"524\" data-id=\"152\" src=\"https:\/\/www.notredamedecharentonne.com\/wp-content\/uploads\/2024\/09\/se-rencontrer-1.jpg\" alt=\"\" class=\"wp-image-152\" srcset=\"https:\/\/notredamedecharentonne.com\/wp-content\/uploads\/2024\/09\/se-rencontrer-1.jpg 375w, https:\/\/notredamedecharentonne.com\/wp-content\/uploads\/2024\/09\/se-rencontrer-1-215x300.jpg 215w\" sizes=\"auto, (max-width: 375px) 100vw, 375px\" \/><\/figure>\n<\/figure>\n\n\n\n<p><\/p>\n\n\n\n<p><em>\u00ab Soyez unis les uns aux autres par l\u2019affection fraternelle, rivalisez de respect les uns pour les autres. \u00bb<\/em><br>\u2014 Romains 12:10<\/p>\n\n\n\n<p>par <strong><em>la vie en \u00e9quipe&#8230; <\/em><\/strong><\/p>\n\n\n\n<p><mark style=\"background-color:rgba(0, 0, 0, 0)\" class=\"has-inline-color has-neve-link-hover-color-color\"><strong>\u00c9quipe Notre-Dame : <\/strong><\/mark>Elisabeth et Fran\u00e7ois Erard : 06 31 17 08 04 <\/p>\n\n\n\n<p><mark style=\"background-color:rgba(0, 0, 0, 0)\" class=\"has-inline-color has-neve-link-hover-color-color\"><strong>\u00c9quipe de Rosaire :<\/strong><\/mark> Mariette de Mareuil : 06 81 05 47 52 <\/p>\n\n\n\n<p><strong><mark style=\"background-color:rgba(0, 0, 0, 0)\" class=\"has-inline-color has-neve-link-hover-color-color\">Fraternit\u00e9 catholique des Personnes Malades et Handicap\u00e9es (F.P.M.H.) :<\/mark> <\/strong>Martine Babilaere : 06 07 35 27 02 <\/p>\n\n\n\n<p><mark style=\"background-color:rgba(0, 0, 0, 0)\" class=\"has-inline-color has-neve-link-hover-color-color\"><strong>Mouvement Chr\u00e9tien des Retrait\u00e9s (M.C.R) :<\/strong> <\/mark>Marie-Fran\u00e7oise Simon : 02 32 43 15 18 <\/p>\n\n\n\n<p><strong><mark style=\"background-color:rgba(0, 0, 0, 0)\" class=\"has-inline-color has-neve-link-hover-color-color\">Chr\u00e9tien en Monde Rural (C.M.R) :<\/mark><\/strong> Pierre Dohet : 06 41 83 11 23 <\/p>\n\n\n\n<p><strong><mark style=\"background-color:rgba(0, 0, 0, 0)\" class=\"has-inline-color has-neve-link-hover-color-color\">Amis, Associ\u00e9s Eudistes (A.A.E) :<\/mark><\/strong> Raymonde Duvivier : 06 82 17 40 18<\/p>\n\n\n\n<p><\/p>\n","protected":false},"excerpt":{"rendered":"<p>\u00ab Soyez unis les uns aux autres par l\u2019affection fraternelle, rivalisez de respect les uns pour les autres. \u00bb\u2014 Romains 12:10 par la vie en \u00e9quipe&#8230; \u00c9quipe Notre-Dame : Elisabeth et Fran\u00e7ois Erard : 06 31 17 08 04 \u00c9quipe de Rosaire : Mariette de Mareuil : 06 81 05 47 52 Fraternit\u00e9 catholique des&hellip;&nbsp;<a href=\"https:\/\/notredamedecharentonne.com\/index.php\/se-rencontrer\/\" class=\"\" rel=\"bookmark\">Lire la suite &raquo;<span class=\"screen-reader-text\">Se Rencontrer<\/span><\/a><\/p>\n","protected":false},"author":1,"featured_media":0,"parent":0,"menu_order":0,"comment_status":"closed","ping_status":"closed","template":"","meta":{"neve_meta_sidebar":"","neve_meta_container":"","neve_meta_enable_content_width":"","neve_meta_content_width":0,"neve_meta_title_alignment":"","neve_meta_author_avatar":"","neve_post_elements_order":"","neve_meta_disable_header":"","neve_meta_disable_footer":"","neve_meta_disable_title":"","footnotes":""},"class_list":["post-151","page","type-page","status-publish","hentry"],"_links":{"self":[{"href":"https:\/\/notredamedecharentonne.com\/index.php\/wp-json\/wp\/v2\/pages\/151","targetHints":{"allow":["GET"]}}],"collection":[{"href":"https:\/\/notredamedecharentonne.com\/index.php\/wp-json\/wp\/v2\/pages"}],"about":[{"href":"https:\/\/notredamedecharentonne.com\/index.php\/wp-json\/wp\/v2\/types\/page"}],"author":[{"embeddable":true,"href":"https:\/\/notredamedecharentonne.com\/index.php\/wp-json\/wp\/v2\/users\/1"}],"replies":[{"embeddable":true,"href":"https:\/\/notredamedecharentonne.com\/index.php\/wp-json\/wp\/v2\/comments?post=151"}],"version-history":[{"count":3,"href":"https:\/\/notredamedecharentonne.com\/index.php\/wp-json\/wp\/v2\/pages\/151\/revisions"}],"predecessor-version":[{"id":167,"href":"https:\/\/notredamedecharentonne.com\/index.php\/wp-json\/wp\/v2\/pages\/151\/revisions\/167"}],"wp:attachment":[{"href":"https:\/\/notredamedecharentonne.com\/index.php\/wp-json\/wp\/v2\/media?parent=151"}],"curies":[{"name":"wp","href":"https:\/\/api.w.org\/{rel}","templated":true}]}}