{"id":123,"date":"2024-09-14T20:24:11","date_gmt":"2024-09-14T18:24:11","guid":{"rendered":"https:\/\/www.notredamedecharentonne.com\/?page_id=123"},"modified":"2025-11-10T11:58:05","modified_gmt":"2025-11-10T10:58:05","slug":"les-sacrements","status":"publish","type":"page","link":"https:\/\/notredamedecharentonne.com\/index.php\/les-sacrements\/","title":{"rendered":"Les Sacrements"},"content":{"rendered":"\n<figure class=\"wp-block-gallery has-nested-images columns-default is-cropped wp-block-gallery-1 is-layout-flex wp-block-gallery-is-layout-flex\">\n<figure class=\"wp-block-image size-large\"><img loading=\"lazy\" decoding=\"async\" width=\"640\" height=\"486\" data-id=\"126\" src=\"https:\/\/www.notredamedecharentonne.com\/wp-content\/uploads\/2024\/09\/dew-638110_640.jpg\" alt=\"\" class=\"wp-image-126\" srcset=\"https:\/\/notredamedecharentonne.com\/wp-content\/uploads\/2024\/09\/dew-638110_640.jpg 640w, https:\/\/notredamedecharentonne.com\/wp-content\/uploads\/2024\/09\/dew-638110_640-300x228.jpg 300w\" sizes=\"auto, (max-width: 640px) 100vw, 640px\" \/><\/figure>\n\n\n\n<figure class=\"wp-block-image size-large\"><img loading=\"lazy\" decoding=\"async\" width=\"1024\" height=\"768\" data-id=\"127\" src=\"https:\/\/www.notredamedecharentonne.com\/wp-content\/uploads\/2024\/09\/confirmants-1-1024x768.jpg\" alt=\"\" class=\"wp-image-127\" srcset=\"https:\/\/notredamedecharentonne.com\/wp-content\/uploads\/2024\/09\/confirmants-1-1024x768.jpg 1024w, https:\/\/notredamedecharentonne.com\/wp-content\/uploads\/2024\/09\/confirmants-1-300x225.jpg 300w, https:\/\/notredamedecharentonne.com\/wp-content\/uploads\/2024\/09\/confirmants-1-768x576.jpg 768w, https:\/\/notredamedecharentonne.com\/wp-content\/uploads\/2024\/09\/confirmants-1-1536x1152.jpg 1536w, https:\/\/notredamedecharentonne.com\/wp-content\/uploads\/2024\/09\/confirmants-1.jpg 1600w\" sizes=\"auto, (max-width: 1024px) 100vw, 1024px\" \/><\/figure>\n\n\n\n<figure class=\"wp-block-image size-large\"><img loading=\"lazy\" decoding=\"async\" width=\"640\" height=\"400\" data-id=\"125\" src=\"https:\/\/www.notredamedecharentonne.com\/wp-content\/uploads\/2024\/09\/wedding-rings-3611277_640.jpg\" alt=\"\" class=\"wp-image-125\" srcset=\"https:\/\/notredamedecharentonne.com\/wp-content\/uploads\/2024\/09\/wedding-rings-3611277_640.jpg 640w, https:\/\/notredamedecharentonne.com\/wp-content\/uploads\/2024\/09\/wedding-rings-3611277_640-300x188.jpg 300w\" sizes=\"auto, (max-width: 640px) 100vw, 640px\" \/><\/figure>\n<\/figure>\n\n\n\n<p><em>\u00ab Allez donc, de toutes les nations faites des disciples, les baptisant au nom du P\u00e8re, du Fils et du Saint-Esprit. \u00bb<\/em><br>\u2014 Matthieu 28:19<\/p>\n\n\n\n<p class=\"has-text-align-center\"><strong>Voici la conduite \u00e0 suivre selon le sacrement que vous voulez pr\u00e9parer \/ vivre :<\/strong><\/p>\n\n\n\n<p><mark style=\"background-color:rgba(0, 0, 0, 0)\" class=\"has-inline-color has-neve-link-hover-color-color\"><strong>Le bapt\u00eame de votre enfant :<\/strong> <\/mark>rendez-vous \u00e0 l&rsquo;accueil paroissial  &#8211; aux heures de permanence &#8211; o\u00f9 vous pourrez discuter de la date, de l&rsquo;horaire et du lieu de bapt\u00eame. Et prendre les documents pour la pr\u00e9paration.<\/p>\n\n\n\n<p>\u00b7<mark style=\"background-color:rgba(0, 0, 0, 0)\" class=\"has-inline-color has-neve-link-hover-color-color\"><strong>Le bapt\u00eame, confirmation, 1\u00e8re communion d&rsquo;un adulte<\/strong> :<\/mark> adressez-vous au p\u00e8re Cl\u00e9ment Ondoua : 06 41 39 25 01 ou de s\u0153ur Alyette : 07 55 63 59 43.<\/p>\n\n\n\n<p><strong>\u00b7<mark style=\"background-color:rgba(0, 0, 0, 0)\" class=\"has-inline-color has-neve-link-hover-color-color\"> Le mariage :<\/mark><\/strong> <\/p>\n\n\n\n<p>1\/ vous pouvez<a href=\"https:\/\/docs.google.com\/forms\/d\/e\/1FAIpQLSctabU1Pu-oUZYrsQYToinmnTYnh-Q-P8ZHAy5ikrg35t3BCg\/viewform\"> r\u00e9pondre \u00e0 ce court questionnaire en ligne<\/a> auquel l&rsquo;\u00e9quipe \u00ab\u00a0mariage\u00a0\u00bb de la paroisse aura acc\u00e8s <\/p>\n\n\n\n<p>2\/  rendez-vous \u00e0 l&rsquo;accueil paroissial &#8211; aux heures de permanence &#8211; \u00e0 l&rsquo;accueil paroissial o\u00f9 qui vous pourrez discuter de la date, de l&rsquo;horaire et du lieu de votre mariage<a href=\"https:\/\/notredamedecharentonne.com\/wp-content\/uploads\/2025\/10\/2025-2026-Fiances-Programme.pdf\">.<\/a><\/p>\n\n\n\n<p> 3 \/ Vous pouvez joindre Val\u00e9rie et Fran\u00e7ois-Xavier Jacquot par mail : mariagebernaybroglie@gmail.com ou par t\u00e9l\u00e9phone : 06 70 17 11 91  <a href=\"https:\/\/notredamedecharentonne.com\/wp-content\/uploads\/2025\/10\/2025-2026-Fiances-Programme.pdf\"> Pour ceux qui sont d\u00e9j\u00e0 inscrits, vous avez les informations pour les jours de pr\u00e9paration ici. <\/a><\/p>\n\n\n\n<p><\/p>\n\n\n\n<p>\u00b7<strong><mark style=\"background-color:rgba(0, 0, 0, 0)\" class=\"has-inline-color has-neve-link-hover-color-color\">L&rsquo;\u00e9veil \u00e0 la foi :<\/mark><\/strong> s\u0153ur Faustine : 07 44 87 66 59 et Ma\u00efa Duriez.<\/p>\n\n\n\n<p><strong>\u00b7<mark style=\"background-color:rgba(0, 0, 0, 0)\" class=\"has-inline-color has-neve-link-hover-color-color\">Le cat\u00e9chisme, 1\u00e8re communion et confirmation d\u2019un enfant :<\/mark><\/strong> Marie-Caroline Rouault : 06 09 31 85 67<\/p>\n\n\n\n<p>\u00b7<mark style=\"background-color:rgba(0, 0, 0, 0)\" class=\"has-inline-color has-neve-link-hover-color-color\"><strong>Cat\u00e9chum\u00e9nat jeunes <\/strong>:<\/mark> Coll\u00e9giens, Lyc\u00e9ens et \u00c9tudiants &#8211; qui veulent recevoir le bapt\u00eame : Laure Crombez : 06 84 96 37 46 et Florence Marquer : 06 32 16 95 87.<\/p>\n\n\n\n<p><strong>\u00b7<\/strong><mark style=\"background-color:rgba(0, 0, 0, 0)\" class=\"has-inline-color has-neve-link-hover-color-color\"><strong>Les fun\u00e9railles :<\/strong> <\/mark>le plus souvent les pompes fun\u00e8bres nous appellent apr\u00e8s vous avoir rencontr\u00e9s ; des chr\u00e9tiennes vous accueilleront, vous \u00e9couteront et vous aideront \u00e0 pr\u00e9parer la c\u00e9r\u00e9monie. <\/p>\n\n\n\n<p>Premier contact : Yolande de Bois H\u00e9bert : 06 50 43 98 30<\/p>\n\n\n\n<p>pour la liturgie, formation : Emmanuelle Stawski : 06 20 10 27 70<\/p>\n","protected":false},"excerpt":{"rendered":"<p>\u00ab Allez donc, de toutes les nations faites des disciples, les baptisant au nom du P\u00e8re, du Fils et du Saint-Esprit. \u00bb\u2014 Matthieu 28:19 Voici la conduite \u00e0 suivre selon le sacrement que vous voulez pr\u00e9parer \/ vivre : Le bapt\u00eame de votre enfant : rendez-vous \u00e0 l&rsquo;accueil paroissial &#8211; aux heures de permanence &#8211;&hellip;&nbsp;<a href=\"https:\/\/notredamedecharentonne.com\/index.php\/les-sacrements\/\" class=\"\" rel=\"bookmark\">Lire la suite &raquo;<span class=\"screen-reader-text\">Les Sacrements<\/span><\/a><\/p>\n","protected":false},"author":1,"featured_media":0,"parent":0,"menu_order":0,"comment_status":"closed","ping_status":"closed","template":"","meta":{"neve_meta_sidebar":"","neve_meta_container":"","neve_meta_enable_content_width":"","neve_meta_content_width":0,"neve_meta_title_alignment":"","neve_meta_author_avatar":"","neve_post_elements_order":"","neve_meta_disable_header":"","neve_meta_disable_footer":"","neve_meta_disable_title":"","footnotes":""},"class_list":["post-123","page","type-page","status-publish","hentry"],"_links":{"self":[{"href":"https:\/\/notredamedecharentonne.com\/index.php\/wp-json\/wp\/v2\/pages\/123","targetHints":{"allow":["GET"]}}],"collection":[{"href":"https:\/\/notredamedecharentonne.com\/index.php\/wp-json\/wp\/v2\/pages"}],"about":[{"href":"https:\/\/notredamedecharentonne.com\/index.php\/wp-json\/wp\/v2\/types\/page"}],"author":[{"embeddable":true,"href":"https:\/\/notredamedecharentonne.com\/index.php\/wp-json\/wp\/v2\/users\/1"}],"replies":[{"embeddable":true,"href":"https:\/\/notredamedecharentonne.com\/index.php\/wp-json\/wp\/v2\/comments?post=123"}],"version-history":[{"count":7,"href":"https:\/\/notredamedecharentonne.com\/index.php\/wp-json\/wp\/v2\/pages\/123\/revisions"}],"predecessor-version":[{"id":562,"href":"https:\/\/notredamedecharentonne.com\/index.php\/wp-json\/wp\/v2\/pages\/123\/revisions\/562"}],"wp:attachment":[{"href":"https:\/\/notredamedecharentonne.com\/index.php\/wp-json\/wp\/v2\/media?parent=123"}],"curies":[{"name":"wp","href":"https:\/\/api.w.org\/{rel}","templated":true}]}}