{"id":107,"date":"2024-09-14T20:09:56","date_gmt":"2024-09-14T18:09:56","guid":{"rendered":"https:\/\/www.notredamedecharentonne.com\/?page_id=107"},"modified":"2024-09-14T20:09:56","modified_gmt":"2024-09-14T18:09:56","slug":"solidarite","status":"publish","type":"page","link":"https:\/\/notredamedecharentonne.com\/index.php\/solidarite\/","title":{"rendered":"Solidarit\u00e9"},"content":{"rendered":"\n<figure class=\"wp-block-gallery has-nested-images columns-default is-cropped wp-block-gallery-1 is-layout-flex wp-block-gallery-is-layout-flex\">\n<figure class=\"wp-block-image size-large\"><img loading=\"lazy\" decoding=\"async\" width=\"577\" height=\"841\" data-id=\"111\" src=\"https:\/\/www.notredamedecharentonne.com\/wp-content\/uploads\/2024\/09\/secours-cath-chapelle-lalique-2.jpg\" alt=\"\" class=\"wp-image-111\" srcset=\"https:\/\/notredamedecharentonne.com\/wp-content\/uploads\/2024\/09\/secours-cath-chapelle-lalique-2.jpg 577w, https:\/\/notredamedecharentonne.com\/wp-content\/uploads\/2024\/09\/secours-cath-chapelle-lalique-2-206x300.jpg 206w\" sizes=\"auto, (max-width: 577px) 100vw, 577px\" \/><\/figure>\n\n\n\n<figure class=\"wp-block-image size-large\"><img loading=\"lazy\" decoding=\"async\" width=\"684\" height=\"923\" data-id=\"112\" src=\"https:\/\/www.notredamedecharentonne.com\/wp-content\/uploads\/2024\/09\/solidarite-2.jpg\" alt=\"\" class=\"wp-image-112\" srcset=\"https:\/\/notredamedecharentonne.com\/wp-content\/uploads\/2024\/09\/solidarite-2.jpg 684w, https:\/\/notredamedecharentonne.com\/wp-content\/uploads\/2024\/09\/solidarite-2-222x300.jpg 222w\" sizes=\"auto, (max-width: 684px) 100vw, 684px\" \/><\/figure>\n\n\n\n<figure class=\"wp-block-image size-large\"><img loading=\"lazy\" decoding=\"async\" width=\"707\" height=\"922\" data-id=\"110\" src=\"https:\/\/www.notredamedecharentonne.com\/wp-content\/uploads\/2024\/09\/st-vincent-de-paul-2.jpg\" alt=\"\" class=\"wp-image-110\" srcset=\"https:\/\/notredamedecharentonne.com\/wp-content\/uploads\/2024\/09\/st-vincent-de-paul-2.jpg 707w, https:\/\/notredamedecharentonne.com\/wp-content\/uploads\/2024\/09\/st-vincent-de-paul-2-230x300.jpg 230w\" sizes=\"auto, (max-width: 707px) 100vw, 707px\" \/><\/figure>\n<\/figure>\n\n\n\n<blockquote class=\"wp-block-quote is-layout-flow wp-block-quote-is-layout-flow\">\n<blockquote class=\"wp-block-quote is-layout-flow wp-block-quote-is-layout-flow\">\n<blockquote class=\"wp-block-quote is-layout-flow wp-block-quote-is-layout-flow\">\n<p><em>\u00ab Partage ton pain avec celui qui a faim, recueille chez toi les pauvres sans abri, couvre celui que tu verras nu et ne te d\u00e9robe pas \u00e0 ton semblable. \u00bb<\/em><br>\u2014 Isa\u00efe 58:7<\/p>\n\n\n\n<div class=\"wp-block-media-text has-media-on-the-right is-stacked-on-mobile\"><div class=\"wp-block-media-text__content\">\n<p><mark style=\"background-color:rgba(0, 0, 0, 0)\" class=\"has-inline-color has-neve-link-hover-color-color\">S<strong>ecours Catholique :<\/strong><\/mark><\/p>\n\n\n\n<p>Faire vivre la fraternit\u00e9. Agir avec les plus fragiles. Rompre la solitude. <\/p>\n\n\n\n<p><strong>Responsable : <\/strong>Monique Couronn\u00e9. T\u00e9l\u00e9phone : 06 72 06 61 95<\/p>\n\n\n\n<ul class=\"wp-block-list\">\n<li>Accueil caf\u00e9 et \u00e9coute tous les jeudis de 13h30 \u00e0 16h au 49 rue Thiers \u00e0 la maison paroissiale<\/li>\n<\/ul>\n\n\n\n<ul class=\"wp-block-list\">\n<li>Atelier \u00ab \u00e9change de savoirs \u00bb tous les mercredis apr\u00e8s-midi de 14h \u00e0 16h \u00e0 la Couture chez les s\u0153urs, au 11 rue Taillefer 27300 Bernay.<\/li>\n<\/ul>\n\n\n\n<ul class=\"wp-block-list\">\n<li>Aide alimentaire. Aides financi\u00e8res. Repas partag\u00e9s. Visites \u00e0 domicile. Atelier marche. Soutien scolaire.<\/li>\n<\/ul>\n<\/div><figure class=\"wp-block-media-text__media\"><img loading=\"lazy\" decoding=\"async\" width=\"290\" height=\"300\" src=\"https:\/\/www.notredamedecharentonne.com\/wp-content\/uploads\/2024\/09\/logo-secours-catholique.jpeg\" alt=\"\" class=\"wp-image-114 size-full\"\/><\/figure><\/div>\n<\/blockquote>\n<\/blockquote>\n<\/blockquote>\n\n\n\n<div class=\"wp-block-media-text is-stacked-on-mobile\"><figure class=\"wp-block-media-text__media\"><img loading=\"lazy\" decoding=\"async\" width=\"1024\" height=\"880\" src=\"https:\/\/www.notredamedecharentonne.com\/wp-content\/uploads\/2024\/09\/logo-ssvp-1024x880.png\" alt=\"\" class=\"wp-image-113 size-full\" srcset=\"https:\/\/notredamedecharentonne.com\/wp-content\/uploads\/2024\/09\/logo-ssvp-1024x880.png 1024w, https:\/\/notredamedecharentonne.com\/wp-content\/uploads\/2024\/09\/logo-ssvp-300x258.png 300w, https:\/\/notredamedecharentonne.com\/wp-content\/uploads\/2024\/09\/logo-ssvp-768x660.png 768w, https:\/\/notredamedecharentonne.com\/wp-content\/uploads\/2024\/09\/logo-ssvp.png 1182w\" sizes=\"auto, (max-width: 1024px) 100vw, 1024px\" \/><\/figure><div class=\"wp-block-media-text__content\">\n<p><strong><mark style=\"background-color:rgba(0, 0, 0, 0)\" class=\"has-inline-color has-neve-link-hover-color-color\">Conf\u00e9rence Saint-Vincent-de-Paul :<\/mark><\/strong><\/p>\n\n\n\n<p>Responsable: Sandrine Bozec. T\u00e9l\u00e9phone : 06 86 38 50 99<\/p>\n\n\n\n<ul class=\"wp-block-list\">\n<li>Accueil, r\u00e9ception et vente de v\u00eatements le jeudi de 13h30 \u00e0 16h. <\/li>\n<\/ul>\n\n\n\n<ul class=\"wp-block-list\">\n<li>Vente de v\u00eatements le deuxi\u00e8me samedi matin de chaque mois de 9h \u00e0 12h. <\/li>\n<\/ul>\n\n\n\n<ul class=\"wp-block-list\">\n<li>Go\u00fbter sourire le 2\u00e8me dimanche du mois au 49 rue Thiers, de 14h30 \u00e0 17h30. <\/li>\n<\/ul>\n\n\n\n<ul class=\"wp-block-list\">\n<li>La Chambre du Voyageur : h\u00e9bergement d\u2019urgence (exclusivement sur prescription des services sociaux).<\/li>\n<\/ul>\n<\/div><\/div>\n\n\n\n<p><strong><mark style=\"background-color:rgba(0, 0, 0, 0)\" class=\"has-inline-color has-neve-link-hover-color-color\">Confr\u00e9rie des fr\u00e8res et s\u0153urs de charit\u00e9 : <\/mark><\/strong>Th\u00e9r\u00e8se Lajoye : 06 27 42 04 50<\/p>\n\n\n\n<p><strong><mark style=\"background-color:rgba(0, 0, 0, 0)\" class=\"has-inline-color has-neve-link-hover-color-color\">Association INTERCIT\u00c9 :<\/mark> <\/strong>Marie-Fran\u00e7oise Simon 02 32 43 15 18<\/p>\n\n\n\n<figure class=\"wp-block-table\"><table class=\"has-fixed-layout\"><tbody><tr><td><img decoding=\"async\" src=\"https:\/\/www.notredamedecharentonne.com\/wp-content\/uploads\/2024\/09\/logo-ccfd-recentre.png\" alt=\"\"><\/td><td><mark style=\"background-color:rgba(0, 0, 0, 0)\" class=\"has-inline-color has-neve-link-hover-color-color\"><strong>C.C.F.D Terre Solidaire (Comite Catholique contre la Faim<\/strong> <strong>et pour le D\u00e9veloppement) :<\/strong><\/mark><strong> <\/strong>Guy Charquet T\u00e9l\u00e9phone : 06 99 53 12 60<\/td><\/tr><tr><td><img decoding=\"async\" src=\"https:\/\/www.notredamedecharentonne.com\/wp-content\/uploads\/2024\/09\/telechargement.png\" alt=\"\"><\/td><td><mark style=\"background-color:rgba(0, 0, 0, 0)\" class=\"has-inline-color has-neve-link-hover-color-color\">Eglise Verte<strong> :<\/strong><\/mark><strong> <\/strong><br>Responsable de l\u2019\u00e9quipe de pilotage : C\u00e9cile Azard. 07 86 45 16 25<\/td><\/tr><tr><td><strong><mark style=\"background-color:rgba(0, 0, 0, 0)\" class=\"has-inline-color has-neve-link-hover-color-color\">Confr\u00e9rie des fr\u00e8res et s\u0153urs de charit\u00e9 : <\/mark><\/strong><br>Th\u00e9r\u00e8se Lajoye : 06 27 42 04 50<\/td><td><mark style=\"background-color:rgba(0, 0, 0, 0)\" class=\"has-inline-color has-neve-link-hover-color-color\"><strong>Service des Malades :<\/strong> <\/mark><br>Mariette de Mareuil 06 81 05 47 52<\/td><\/tr><\/tbody><\/table><\/figure>\n\n\n\n<figure class=\"wp-block-image size-full is-resized\"><img loading=\"lazy\" decoding=\"async\" width=\"318\" height=\"159\" src=\"https:\/\/www.notredamedecharentonne.com\/wp-content\/uploads\/2024\/09\/telechargement.png\" alt=\"\" class=\"wp-image-116\" style=\"width:168px;height:auto\" srcset=\"https:\/\/notredamedecharentonne.com\/wp-content\/uploads\/2024\/09\/telechargement.png 318w, https:\/\/notredamedecharentonne.com\/wp-content\/uploads\/2024\/09\/telechargement-300x150.png 300w\" sizes=\"auto, (max-width: 318px) 100vw, 318px\" \/><\/figure>\n","protected":false},"excerpt":{"rendered":"<p>Confr\u00e9rie des fr\u00e8res et s\u0153urs de charit\u00e9 : Th\u00e9r\u00e8se Lajoye : 06 27 42 04 50 Association INTERCIT\u00c9 : Marie-Fran\u00e7oise Simon 02 32 43 15 18 C.C.F.D Terre Solidaire (Comite Catholique contre la Faim et pour le D\u00e9veloppement) : Guy Charquet T\u00e9l\u00e9phone : 06 99 53 12 60 Eglise Verte : Responsable de l\u2019\u00e9quipe de&hellip;&nbsp;<a href=\"https:\/\/notredamedecharentonne.com\/index.php\/solidarite\/\" class=\"\" rel=\"bookmark\">Lire la suite &raquo;<span class=\"screen-reader-text\">Solidarit\u00e9<\/span><\/a><\/p>\n","protected":false},"author":1,"featured_media":0,"parent":0,"menu_order":0,"comment_status":"closed","ping_status":"closed","template":"","meta":{"neve_meta_sidebar":"","neve_meta_container":"","neve_meta_enable_content_width":"","neve_meta_content_width":0,"neve_meta_title_alignment":"","neve_meta_author_avatar":"","neve_post_elements_order":"","neve_meta_disable_header":"","neve_meta_disable_footer":"","neve_meta_disable_title":"","footnotes":""},"class_list":["post-107","page","type-page","status-publish","hentry"],"_links":{"self":[{"href":"https:\/\/notredamedecharentonne.com\/index.php\/wp-json\/wp\/v2\/pages\/107","targetHints":{"allow":["GET"]}}],"collection":[{"href":"https:\/\/notredamedecharentonne.com\/index.php\/wp-json\/wp\/v2\/pages"}],"about":[{"href":"https:\/\/notredamedecharentonne.com\/index.php\/wp-json\/wp\/v2\/types\/page"}],"author":[{"embeddable":true,"href":"https:\/\/notredamedecharentonne.com\/index.php\/wp-json\/wp\/v2\/users\/1"}],"replies":[{"embeddable":true,"href":"https:\/\/notredamedecharentonne.com\/index.php\/wp-json\/wp\/v2\/comments?post=107"}],"version-history":[{"count":1,"href":"https:\/\/notredamedecharentonne.com\/index.php\/wp-json\/wp\/v2\/pages\/107\/revisions"}],"predecessor-version":[{"id":117,"href":"https:\/\/notredamedecharentonne.com\/index.php\/wp-json\/wp\/v2\/pages\/107\/revisions\/117"}],"wp:attachment":[{"href":"https:\/\/notredamedecharentonne.com\/index.php\/wp-json\/wp\/v2\/media?parent=107"}],"curies":[{"name":"wp","href":"https:\/\/api.w.org\/{rel}","templated":true}]}}